{"id":1093,"date":"2023-01-12T10:27:54","date_gmt":"2023-01-12T08:27:54","guid":{"rendered":"https:\/\/www.futuriajove.com\/?page_id=1093"},"modified":"2024-02-01T16:24:05","modified_gmt":"2024-02-01T14:24:05","slug":"programa-2023","status":"publish","type":"page","link":"https:\/\/www.futuriajove.com\/es\/programa-2023\/","title":{"rendered":"Programa 2023"},"content":{"rendered":"<section data-vc-full-width=\"true\" data-vc-full-width-init=\"false\" class=\"vc_row wpb_row vc_row-fluid  vc_custom_1618348403009 bg-position-center-bottom wow fadeInDown vc_row-has-fill pofo-stretch-content pofo-stretch-row-container\"><div class=\"wpb_column vc_column_container vc_col-sm-12  col-xs-mobile-fullwidth\"><div class=\"vc_column-inner \"><div class=\"wpb_wrapper\">[vc_empty_space][vc_custom_heading text=&#8221;Programa&#8221; font_container=&#8221;tag:h1|text_align:left|color:%23ffffff&#8221; use_theme_fonts=&#8221;yes&#8221;][vc_custom_heading text=&#8221;24, 25 y 26 de enero de 2023&#8243; font_container=&#8221;tag:h4|text_align:left|color:%23ffffff&#8221; use_theme_fonts=&#8221;yes&#8221;]<\/div><\/div><\/div><\/section><div class=\"vc_row-full-width vc_clearfix\"><\/div><section class=\"vc_row wpb_row vc_row-fluid\"><div class=\"wpb_column vc_column_container vc_col-sm-6  col-xs-mobile-fullwidth\"><div class=\"vc_column-inner \"><div class=\"wpb_wrapper\"><div class=\"last-paragraph-no-margin\" style=\"color: #003359;\"><p>\u00bfQuieres conocer todas las actividades de Fut\u00faria+Jove? A trav\u00e9s de las actividades y talleres que se ofrecen podr\u00e1s poner en pr\u00e1ctica la toma de decisiones, explorar tus caracter\u00edsticas personales y los aspectos del entorno: la oferta formativa y el mercado de trabajo.<\/p>\n<\/div><\/div><\/div><\/div><div class=\"wpb_column vc_column_container vc_col-sm-3  col-xs-mobile-fullwidth\"><div class=\"vc_column-inner \"><div class=\"wpb_wrapper\"><\/div><\/div><\/div><div class=\"wpb_column vc_column_container vc_col-sm-3  col-xs-mobile-fullwidth\"><div class=\"vc_column-inner \"><div class=\"wpb_wrapper\">[vc_single_image image=&#8221;303&#8243; img_size=&#8221;full&#8221;]<\/div><\/div><\/div><\/section><section class=\"vc_row wpb_row vc_row-fluid  vc_custom_1618850515652\"><div class=\"wpb_column vc_column_container vc_col-sm-12  col-xs-mobile-fullwidth\"><div class=\"vc_column-inner \"><div class=\"wpb_wrapper\">[vc_tta_accordion style=&#8221;flat&#8221; shape=&#8221;square&#8221; color=&#8221;white&#8221; gap=&#8221;1&#8243; c_position=&#8221;right&#8221; active_section=&#8221;1&#8243; collapsible_all=&#8221;true&#8221;][vc_tta_section title=&#8221;Charla &#8220;\u00a1Prep\u00e1rate!&#8221; tab_id=&#8221;1618350782226-583afa6a-0df7&#8243;]<div class=\"last-paragraph-no-margin\"><p>Actividad en la que podr\u00e1s conocer los aspectos clave del proceso de toma de decisiones y c\u00f3mo afrontarlo.<\/p>\n<\/div>[\/vc_tta_section][vc_tta_section title=&#8221;Taller Es la hora de elegir&#8221; tab_id=&#8221;1618350782254-555872f2-54e7&#8243;]<div class=\"last-paragraph-no-margin\"><p>Taller para identificar por qu\u00e9 resulta dificil escoger, conocer los aspectos clave la elecci\u00f3n de unos estudios o una profesi\u00f3n e identificar que elementos pueden dificultar la toma de decisiones.<\/p>\n<\/div>[\/vc_tta_section][vc_tta_section title=&#8221;Taller de Autoconocimiento &#8220;Mi mochila&#8220;&#8221; tab_id=&#8221;1618350869070-d77d5a4c-6552&#8243;]<div class=\"last-paragraph-no-margin\"><p>Actividad en la que podr\u00e1s conocer los componentes clave de un proceso de autoconocimiento (personalidad, habilidades, intereses y valores).<\/p>\n<\/div>[\/vc_tta_section][vc_tta_section title=&#8221;Taller &#8220;El mundo de las profesiones&#8220;&#8221; tab_id=&#8221;1618350885850-30d764aa-8aff&#8221;]<div class=\"last-paragraph-no-margin\"><p>A trav\u00e9s de este taller podr\u00e1s descubrir el abanico de posibilidades para tu futuro profesional.<\/p>\n<\/div>[\/vc_tta_section][vc_tta_section title=&#8221;Taller \u00bfTienes claro tu objetivo profesional?&#8221; tab_id=&#8221;1618350906044-480fd25a-e024&#8243;]<div class=\"last-paragraph-no-margin\"><p>Entender qu\u00e9 \u00e9s el objetivo profesional e identificar qu\u00e9 debe tenerse en cuenta a la hora de definir este objetivo y c\u00f3mo elaborarlo.<\/p>\n<\/div>[\/vc_tta_section][\/vc_tta_accordion]<\/div><\/div><\/div><\/section><section data-vc-full-width=\"true\" data-vc-full-width-init=\"false\" data-vc-stretch-content=\"true\" class=\"vc_row wpb_row vc_row-fluid  vc_custom_1618393313410 vc_row-has-fill pofo-stretch-content\"><div class=\"wpb_column vc_column_container vc_col-sm-4  col-xs-mobile-fullwidth\"><div class=\"vc_column-inner \"><div class=\"wpb_wrapper\"><\/div><\/div><\/div><div class=\"wpb_column vc_column_container vc_col-sm-4  col-xs-mobile-fullwidth\"><div class=\"vc_column-inner \"><div class=\"wpb_wrapper\"><div class=\"vc_row wpb_row vc_inner vc_row-fluid  vc_custom_1618351199078 vc_row-has-fill\"><div class=\"wpb_column vc_column_container ombra vc_col-sm-12  col-xs-mobile-fullwidth\"><div class=\"vc_column-inner vc_custom_1618850525180\"><div class=\"wpb_wrapper\"><div class=\"last-paragraph-no-margin\"><p style=\"text-align: center;\">Recuerda que Futuria + Jove pone a tu disposici\u00f3n el <strong>Toolbox Tu Futuro<\/strong>, una maleta llena de recursos para poder seguir trabajando en tu elecci\u00f3n.<\/p>\n<\/div><\/div><\/div><\/div><\/div><\/div><\/div><\/div><div class=\"wpb_column vc_column_container vc_col-sm-4  col-xs-mobile-fullwidth\"><div class=\"vc_column-inner \"><div class=\"wpb_wrapper\"><\/div><\/div><\/div><\/section><div class=\"vc_row-full-width vc_clearfix\"><\/div><section class=\"vc_row wpb_row vc_row-fluid\"><div class=\"wpb_column vc_column_container vc_col-sm-3  col-xs-mobile-fullwidth\"><div class=\"vc_column-inner \"><div class=\"wpb_wrapper\"><\/div><\/div><\/div><div class=\"wpb_column vc_column_container vc_col-sm-6  col-xs-mobile-fullwidth\"><div class=\"vc_column-inner \"><div class=\"wpb_wrapper\"><div class=\"last-paragraph-no-margin\"><div style=\"width: 1200px;\" class=\"wp-video\"><video class=\"wp-video-shortcode\" id=\"video-1093-1\" width=\"1200\" height=\"675\" preload=\"metadata\" controls=\"controls\"><source type=\"video\/mp4\" src=\"https:\/\/www.futuriajove.com\/wp-content\/uploads\/2024\/02\/Futuria-2023_-version-YOUTUBE.mp4?_=1\" \/><a href=\"https:\/\/www.futuriajove.com\/wp-content\/uploads\/2024\/02\/Futuria-2023_-version-YOUTUBE.mp4\">https:\/\/www.futuriajove.com\/wp-content\/uploads\/2024\/02\/Futuria-2023_-version-YOUTUBE.mp4<\/a><\/video><\/div>\n<\/div><\/div><\/div><\/div><div class=\"wpb_column vc_column_container vc_col-sm-3  col-xs-mobile-fullwidth\"><div class=\"vc_column-inner \"><div class=\"wpb_wrapper\"><\/div><\/div><\/div><\/section><section class=\"vc_row wpb_row vc_row-fluid\"><div class=\"wpb_column vc_column_container vc_col-sm-2  col-xs-mobile-fullwidth\"><div class=\"vc_column-inner \"><div class=\"wpb_wrapper\"><\/div><\/div><\/div><div class=\"wpb_column vc_column_container vc_col-sm-8  col-xs-mobile-fullwidth\"><div class=\"vc_column-inner \"><div class=\"wpb_wrapper\">[vc_gallery type=&#8221;image_grid&#8221; images=&#8221;1420,1422,1424,1426,1428,1430,1432,1434,1436,1438,1441,1443,1445,1447,1449,1451,1453,1455,1457,1459,1461&#8243; img_size=&#8221;medium&#8221;]<\/div><\/div><\/div><div class=\"wpb_column vc_column_container vc_col-sm-2  col-xs-mobile-fullwidth\"><div class=\"vc_column-inner \"><div class=\"wpb_wrapper\"><\/div><\/div><\/div><\/section>\n","protected":false},"excerpt":{"rendered":"[vc_empty_space][vc_custom_heading text=\"Programa\" font_container=\"tag:h1|text_align:left|color:%23ffffff\" use_theme_fonts=\"yes\"][vc_custom_heading text=\"24, 25 y 26 de enero de 2023\" font_container=\"tag:h4|text_align:left|color:%23ffffff\" use_theme_fonts=\"yes\"]\u00bfQuieres conocer todas las actividades de Fut\u00faria+Jove? A trav\u00e9s de las actividades y talleres que se ofrecen podr\u00e1s poner en pr\u00e1ctica la toma de decisiones, explorar tus caracter\u00edsticas personales y los aspectos del entorno: la oferta formativa y el mercado de trabajo. [vc_single_image image=\"303\" img_size=\"full\"][vc_tta_accordion style=\"flat\" shape=\"square\" color=\"white\" gap=\"1\" c_position=\"right\" active_section=\"1\" collapsible_all=\"true\"][vc_tta_section title=\"Charla ``\u00a1Prep\u00e1rate!\" tab_id=\"1618350782226-583afa6a-0df7\"]Actividad en la que podr\u00e1s conocer los aspectos clave del proceso de toma de decisiones y c\u00f3mo afrontarlo. [\/vc_tta_section][vc_tta_section title=\"Taller Es la hora de elegir\" tab_id=\"1618350782254-555872f2-54e7\"]Taller para identificar por qu\u00e9 resulta dificil escoger, conocer los aspectos clave la elecci\u00f3n de unos estudios o una profesi\u00f3n e identificar que elementos pueden dificultar la toma de decisiones. [\/vc_tta_section][vc_tta_section title=\"Taller de Autoconocimiento ``Mi mochila``\" tab_id=\"1618350869070-d77d5a4c-6552\"]Actividad en la que podr\u00e1s conocer los componentes clave de un proceso de autoconocimiento (personalidad, habilidades, intereses y valores). [\/vc_tta_section][vc_tta_section title=\"Taller ``El mundo de las profesiones``\" tab_id=\"1618350885850-30d764aa-8aff\"]A trav\u00e9s de este taller podr\u00e1s descubrir el abanico de posibilidades para tu futuro profesional. [\/vc_tta_section][vc_tta_section title=\"Taller \u00bfTienes claro tu objetivo profesional?\" tab_id=\"1618350906044-480fd25a-e024\"]Entender qu\u00e9 \u00e9s el objetivo profesional e identificar qu\u00e9 debe tenerse en cuenta a la hora de definir este objetivo y c\u00f3mo elaborarlo. [\/vc_tta_section][\/vc_tta_accordion]Recuerda...","protected":false},"author":1,"featured_media":0,"parent":0,"menu_order":0,"comment_status":"closed","ping_status":"closed","template":"","meta":{"inline_featured_image":false,"footnotes":""},"class_list":["post-1093","page","type-page","status-publish","hentry"],"_links":{"self":[{"href":"https:\/\/www.futuriajove.com\/es\/wp-json\/wp\/v2\/pages\/1093","targetHints":{"allow":["GET"]}}],"collection":[{"href":"https:\/\/www.futuriajove.com\/es\/wp-json\/wp\/v2\/pages"}],"about":[{"href":"https:\/\/www.futuriajove.com\/es\/wp-json\/wp\/v2\/types\/page"}],"author":[{"embeddable":true,"href":"https:\/\/www.futuriajove.com\/es\/wp-json\/wp\/v2\/users\/1"}],"replies":[{"embeddable":true,"href":"https:\/\/www.futuriajove.com\/es\/wp-json\/wp\/v2\/comments?post=1093"}],"version-history":[{"count":8,"href":"https:\/\/www.futuriajove.com\/es\/wp-json\/wp\/v2\/pages\/1093\/revisions"}],"predecessor-version":[{"id":1477,"href":"https:\/\/www.futuriajove.com\/es\/wp-json\/wp\/v2\/pages\/1093\/revisions\/1477"}],"wp:attachment":[{"href":"https:\/\/www.futuriajove.com\/es\/wp-json\/wp\/v2\/media?parent=1093"}],"curies":[{"name":"wp","href":"https:\/\/api.w.org\/{rel}","templated":true}]}}