{"id":1378,"date":"2024-01-26T14:04:34","date_gmt":"2024-01-26T12:04:34","guid":{"rendered":"https:\/\/www.futuriajove.com\/?page_id=1378"},"modified":"2024-02-15T10:54:06","modified_gmt":"2024-02-15T08:54:06","slug":"programa-2024","status":"publish","type":"page","link":"https:\/\/www.futuriajove.com\/es\/programa-2024\/","title":{"rendered":"Programa 2024"},"content":{"rendered":"<section data-vc-full-width=\"true\" data-vc-full-width-init=\"false\" class=\"vc_row wpb_row vc_row-fluid  vc_custom_1618348403009 bg-position-center-bottom wow fadeInDown vc_row-has-fill pofo-stretch-content pofo-stretch-row-container\"><div class=\"wpb_column vc_column_container vc_col-sm-12  col-xs-mobile-fullwidth\"><div class=\"vc_column-inner \"><div class=\"wpb_wrapper\">[vc_empty_space][vc_custom_heading text=&#8221;Programa&#8221; font_container=&#8221;tag:h1|text_align:left|color:%23ffffff&#8221; use_theme_fonts=&#8221;yes&#8221;][vc_custom_heading text=&#8221;23, 24, 25 y 26 de enero de 2024&#8243; font_container=&#8221;tag:h4|text_align:left|color:%23ffffff&#8221; use_theme_fonts=&#8221;yes&#8221;]<\/div><\/div><\/div><\/section><div class=\"vc_row-full-width vc_clearfix\"><\/div><section class=\"vc_row wpb_row vc_row-fluid\"><div class=\"wpb_column vc_column_container vc_col-sm-6  col-xs-mobile-fullwidth\"><div class=\"vc_column-inner \"><div class=\"wpb_wrapper\"><div class=\"last-paragraph-no-margin\" style=\"color: #003359;\"><p>\u00bfQuieres conocer todas las actividades de Fut\u00faria+Jove? A trav\u00e9s de las actividades y talleres que se ofrecen podr\u00e1s poner en pr\u00e1ctica la toma de decisiones, explorar tus caracter\u00edsticas personales y los aspectos del entorno: la oferta formativa y el mercado de trabajo.<\/p>\n<\/div><\/div><\/div><\/div><div class=\"wpb_column vc_column_container vc_col-sm-3  col-xs-mobile-fullwidth\"><div class=\"vc_column-inner \"><div class=\"wpb_wrapper\"><\/div><\/div><\/div><div class=\"wpb_column vc_column_container vc_col-sm-3  col-xs-mobile-fullwidth\"><div class=\"vc_column-inner \"><div class=\"wpb_wrapper\">[vc_single_image image=&#8221;303&#8243; img_size=&#8221;full&#8221;]<\/div><\/div><\/div><\/section><section class=\"vc_row wpb_row vc_row-fluid  vc_custom_1618850515652\"><div class=\"wpb_column vc_column_container vc_col-sm-12  col-xs-mobile-fullwidth\"><div class=\"vc_column-inner \"><div class=\"wpb_wrapper\">[vc_custom_heading text=&#8221;Actividades alumnado de 4\u00ba de ESO&#8221; font_container=&#8221;tag:h2|text_align:center|color:%23e36702&#8243; use_theme_fonts=&#8221;yes&#8221;][vc_tta_accordion style=&#8221;flat&#8221; shape=&#8221;square&#8221; color=&#8221;white&#8221; gap=&#8221;1&#8243; c_position=&#8221;right&#8221; active_section=&#8221;1&#8243; collapsible_all=&#8221;true&#8221;][vc_tta_section title=&#8221;Charla &#8220;\u00a1Prep\u00e1rate para despu\u00e9s de la ESO!&#8220;&#8221; tab_id=&#8221;1618350782226-583afa6a-0df7&#8243;]<div class=\"last-paragraph-no-margin\"><p>Charla sobre los procesos de toma de decisiones y elementos relevantes a tener en cuenta. Despu\u00e9s, estos elementos se tratar\u00e1n mediante actividades gamificadas.<\/p>\n<\/div>[\/vc_tta_section][vc_tta_section title=&#8221;Taller &#8220;Desc\u00fabrete&#8220;&#8221; tab_id=&#8221;1618350782254-555872f2-54e7&#8243;]<div class=\"last-paragraph-no-margin\"><p>Experiencia din\u00e1mica donde el alumnado crear\u00e1 su propio atrapasue\u00f1os.<\/p>\n<\/div>[\/vc_tta_section][vc_tta_section title=&#8221;Taller &#8220;Exploramos itinerarios&#8220;&#8221; tab_id=&#8221;1618350869070-d77d5a4c-6552&#8243;]<div class=\"last-paragraph-no-margin\"><p>Taller din\u00e1mico para trabajar los distintos itinerarios formativos haciendo uso de la gamificaci\u00f3n. Esta actividad busca promover el conocimiento sobre los distintos itinerarios formativos disponibles y resaltar la idea de tantas rutas como personas.<\/p>\n<\/div>[\/vc_tta_section][\/vc_tta_accordion]<\/div><\/div><\/div><\/section><section class=\"vc_row wpb_row vc_row-fluid  vc_custom_1618850515652\"><div class=\"wpb_column vc_column_container vc_col-sm-12  col-xs-mobile-fullwidth\"><div class=\"vc_column-inner \"><div class=\"wpb_wrapper\">[vc_custom_heading text=&#8221;Actividades alumnado de Bachillerato&#8221; font_container=&#8221;tag:h2|text_align:center|color:%23e36702&#8243; use_theme_fonts=&#8221;yes&#8221;][vc_tta_accordion style=&#8221;flat&#8221; shape=&#8221;square&#8221; color=&#8221;white&#8221; gap=&#8221;1&#8243; c_position=&#8221;right&#8221; active_section=&#8221;1&#8243; collapsible_all=&#8221;true&#8221;][vc_tta_section title=&#8221;Charla &#8220;\u00a1Prep\u00e1rate! para los estudios superiores&#8220;&#8221; tab_id=&#8221;1706804030079-743784ab-5d73&#8243;]<div class=\"last-paragraph-no-margin\"><p>Charla de 30 minutos sobre el proceso de toma de decisiones y los elementos relevantes a tener en cuenta. Despu\u00e9s, estos elementos se tratar\u00e1n mediante actividades gamificadas.<\/p>\n<\/div>[\/vc_tta_section][vc_tta_section title=&#8221;Taller &#8220;Escoge tu futuro&#8220;&#8221; tab_id=&#8221;1706804030105-7611519d-14c7&#8243;]<div class=\"last-paragraph-no-margin\"><p>Empleando la din\u00e1mica de representaci\u00f3n de roles (role-paying) este ejercicio pretende promover la comprensi\u00f3n profunda de los factores que pueden influir en un contexto determinado y fomentar la creatividad y la colaboraci\u00f3n entre los estudiantes.<\/p>\n<\/div>[\/vc_tta_section][vc_tta_section title=&#8221;Taller &#8220;Define tu objetivo profesional&#8220;&#8221; tab_id=&#8221;1706804030127-7d18cb64-0f2b&#8221;]<div class=\"last-paragraph-no-margin\"><p>En esta din\u00e1mica se pretende fomentar la reflexi\u00f3n personal y la planificaci\u00f3n detallada de sus objetivos y aspiraciones profesionales, ayud\u00e1ndolos a identificar sus metas y los pasos a seguir para conseguirlas.<\/p>\n<\/div>[\/vc_tta_section][\/vc_tta_accordion]<\/div><\/div><\/div><\/section><section class=\"vc_row wpb_row vc_row-fluid  vc_custom_1618850515652\"><div class=\"wpb_column vc_column_container vc_col-sm-12  col-xs-mobile-fullwidth\"><div class=\"vc_column-inner \"><div class=\"wpb_wrapper\">[vc_custom_heading text=&#8221;Actividades alumnado de Formaci\u00f3n Profesional&#8221; font_container=&#8221;tag:h2|text_align:center|color:%23e36702&#8243; use_theme_fonts=&#8221;yes&#8221;][vc_tta_accordion style=&#8221;flat&#8221; shape=&#8221;square&#8221; color=&#8221;white&#8221; gap=&#8221;1&#8243; c_position=&#8221;right&#8221; active_section=&#8221;1&#8243; collapsible_all=&#8221;true&#8221;][vc_tta_section title=&#8221;Taller &#8220;Consigue tu objetivo profesional&#8220;&#8221; tab_id=&#8221;1706804031786-d638fa5a-f65f&#8221;]<div class=\"last-paragraph-no-margin\"><p>Ofrecer un espacio interactivo y reflexivo que permita a los alumnos explorar sus intereses, habilidades y valores, para definir un objetivo profesional alineado con sus metas y aspiraciones.<\/p>\n<\/div>[\/vc_tta_section][vc_tta_section title=&#8221;Taller &#8220;Deja huella con tu marca personal&#8220;&#8221; tab_id=&#8221;1706804031817-542cb040-f3a5&#8243;]<div class=\"last-paragraph-no-margin\"><p>En estas actividades los y las asistentes alcanzar\u00e1n los conocimientos necesarios para crear su marca personal y sacar provecho de las redes sociales que a menudo utilizan para potenciar esta marca y encontrar oportunidades laborales<\/p>\n<\/div>[\/vc_tta_section][\/vc_tta_accordion]<\/div><\/div><\/div><\/section><section data-vc-full-width=\"true\" data-vc-full-width-init=\"false\" data-vc-stretch-content=\"true\" class=\"vc_row wpb_row vc_row-fluid  vc_custom_1618393313410 vc_row-has-fill pofo-stretch-content\"><div class=\"wpb_column vc_column_container vc_col-sm-4  col-xs-mobile-fullwidth\"><div class=\"vc_column-inner \"><div class=\"wpb_wrapper\"><\/div><\/div><\/div><div class=\"wpb_column vc_column_container vc_col-sm-4  col-xs-mobile-fullwidth\"><div class=\"vc_column-inner \"><div class=\"wpb_wrapper\"><div class=\"vc_row wpb_row vc_inner vc_row-fluid  vc_custom_1618351199078 vc_row-has-fill\"><div class=\"wpb_column vc_column_container ombra vc_col-sm-12  col-xs-mobile-fullwidth\"><div class=\"vc_column-inner vc_custom_1618850525180\"><div class=\"wpb_wrapper\"><div class=\"last-paragraph-no-margin\"><p style=\"text-align: center;\">Recuerda que Futuria + Jove pone a tu disposici\u00f3n el <strong>Toolbox Tu Futuro<\/strong>, una maleta llena de recursos para poder seguir trabajando en tu elecci\u00f3n.<\/p>\n<\/div><\/div><\/div><\/div><\/div><\/div><\/div><\/div><div class=\"wpb_column vc_column_container vc_col-sm-4  col-xs-mobile-fullwidth\"><div class=\"vc_column-inner \"><div class=\"wpb_wrapper\"><\/div><\/div><\/div><\/section><div class=\"vc_row-full-width vc_clearfix\"><\/div>\n","protected":false},"excerpt":{"rendered":"[vc_empty_space][vc_custom_heading text=\"Programa\" font_container=\"tag:h1|text_align:left|color:%23ffffff\" use_theme_fonts=\"yes\"][vc_custom_heading text=\"23, 24, 25 y 26 de enero de 2024\" font_container=\"tag:h4|text_align:left|color:%23ffffff\" use_theme_fonts=\"yes\"]\u00bfQuieres conocer todas las actividades de Fut\u00faria+Jove? A trav\u00e9s de las actividades y talleres que se ofrecen podr\u00e1s poner en pr\u00e1ctica la toma de decisiones, explorar tus caracter\u00edsticas personales y los aspectos del entorno: la oferta formativa y el mercado de trabajo. [vc_single_image image=\"303\" img_size=\"full\"][vc_custom_heading text=\"Actividades alumnado de 4\u00ba de ESO\" font_container=\"tag:h2|text_align:center|color:%23e36702\" use_theme_fonts=\"yes\"][vc_tta_accordion style=\"flat\" shape=\"square\" color=\"white\" gap=\"1\" c_position=\"right\" active_section=\"1\" collapsible_all=\"true\"][vc_tta_section title=\"Charla ``\u00a1Prep\u00e1rate para despu\u00e9s de la ESO!``\" tab_id=\"1618350782226-583afa6a-0df7\"]Charla sobre los procesos de toma de decisiones y elementos relevantes a tener en cuenta. Despu\u00e9s, estos elementos se tratar\u00e1n mediante actividades gamificadas. [\/vc_tta_section][vc_tta_section title=\"Taller ``Desc\u00fabrete``\" tab_id=\"1618350782254-555872f2-54e7\"]Experiencia din\u00e1mica donde el alumnado crear\u00e1 su propio atrapasue\u00f1os. [\/vc_tta_section][vc_tta_section title=\"Taller ``Exploramos itinerarios``\" tab_id=\"1618350869070-d77d5a4c-6552\"]Taller din\u00e1mico para trabajar los distintos itinerarios formativos haciendo uso de la gamificaci\u00f3n. Esta actividad busca promover el conocimiento sobre los distintos itinerarios formativos disponibles y resaltar la idea de tantas rutas como personas. [\/vc_tta_section][\/vc_tta_accordion][vc_custom_heading text=\"Actividades alumnado de Bachillerato\" font_container=\"tag:h2|text_align:center|color:%23e36702\" use_theme_fonts=\"yes\"][vc_tta_accordion style=\"flat\" shape=\"square\" color=\"white\" gap=\"1\" c_position=\"right\" active_section=\"1\" collapsible_all=\"true\"][vc_tta_section title=\"Charla ``\u00a1Prep\u00e1rate! para los estudios superiores``\" tab_id=\"1706804030079-743784ab-5d73\"]Charla de 30 minutos sobre el proceso de toma de decisiones y los elementos relevantes a tener en cuenta. Despu\u00e9s, estos elementos se tratar\u00e1n mediante actividades...","protected":false},"author":1,"featured_media":0,"parent":0,"menu_order":0,"comment_status":"closed","ping_status":"closed","template":"","meta":{"inline_featured_image":false,"footnotes":""},"class_list":["post-1378","page","type-page","status-publish","hentry"],"_links":{"self":[{"href":"https:\/\/www.futuriajove.com\/es\/wp-json\/wp\/v2\/pages\/1378","targetHints":{"allow":["GET"]}}],"collection":[{"href":"https:\/\/www.futuriajove.com\/es\/wp-json\/wp\/v2\/pages"}],"about":[{"href":"https:\/\/www.futuriajove.com\/es\/wp-json\/wp\/v2\/types\/page"}],"author":[{"embeddable":true,"href":"https:\/\/www.futuriajove.com\/es\/wp-json\/wp\/v2\/users\/1"}],"replies":[{"embeddable":true,"href":"https:\/\/www.futuriajove.com\/es\/wp-json\/wp\/v2\/comments?post=1378"}],"version-history":[{"count":7,"href":"https:\/\/www.futuriajove.com\/es\/wp-json\/wp\/v2\/pages\/1378\/revisions"}],"predecessor-version":[{"id":1556,"href":"https:\/\/www.futuriajove.com\/es\/wp-json\/wp\/v2\/pages\/1378\/revisions\/1556"}],"wp:attachment":[{"href":"https:\/\/www.futuriajove.com\/es\/wp-json\/wp\/v2\/media?parent=1378"}],"curies":[{"name":"wp","href":"https:\/\/api.w.org\/{rel}","templated":true}]}}