{"id":1627,"date":"2025-01-08T15:10:48","date_gmt":"2025-01-08T13:10:48","guid":{"rendered":"https:\/\/www.futuriajove.com\/?page_id=1627"},"modified":"2026-04-17T12:11:57","modified_gmt":"2026-04-17T10:11:57","slug":"programa-2025","status":"publish","type":"page","link":"https:\/\/www.futuriajove.com\/es\/programa-2025\/","title":{"rendered":"Programa 2025"},"content":{"rendered":"<section data-vc-full-width=\"true\" data-vc-full-width-init=\"false\" class=\"vc_row wpb_row vc_row-fluid  vc_custom_1618348403009 bg-position-center-bottom wow fadeInDown vc_row-has-fill pofo-stretch-content pofo-stretch-row-container\"><div class=\"wpb_column vc_column_container vc_col-sm-12  col-xs-mobile-fullwidth\"><div class=\"vc_column-inner \"><div class=\"wpb_wrapper\">[vc_empty_space][vc_custom_heading text=&#8221;Programa&#8221; font_container=&#8221;tag:h1|text_align:left|color:%23ffffff&#8221; use_theme_fonts=&#8221;yes&#8221;][vc_custom_heading text=&#8221;27, 28, 29, 30 y 31 de enero de 2025&#8243; font_container=&#8221;tag:h4|text_align:left|color:%23ffffff&#8221; use_theme_fonts=&#8221;yes&#8221;]<\/div><\/div><\/div><\/section><div class=\"vc_row-full-width vc_clearfix\"><\/div><section class=\"vc_row wpb_row vc_row-fluid\"><div class=\"wpb_column vc_column_container vc_col-sm-6  col-xs-mobile-fullwidth\"><div class=\"vc_column-inner \"><div class=\"wpb_wrapper\"><div class=\"last-paragraph-no-margin\" style=\"color: #003359;\"><p>\u00bfQuieres conocer todas las actividades de Fut\u00faria+Jove? A trav\u00e9s de las actividades y talleres que se ofrecen podr\u00e1s poner en pr\u00e1ctica la toma de decisiones, explorar tus caracter\u00edsticas personales y los aspectos del entorno: la oferta formativa y el mercado de trabajo.<\/p>\n<\/div><\/div><\/div><\/div><div class=\"wpb_column vc_column_container vc_col-sm-3  col-xs-mobile-fullwidth\"><div class=\"vc_column-inner \"><div class=\"wpb_wrapper\"><\/div><\/div><\/div><div class=\"wpb_column vc_column_container vc_col-sm-3  col-xs-mobile-fullwidth\"><div class=\"vc_column-inner \"><div class=\"wpb_wrapper\">[vc_single_image image=&#8221;303&#8243; img_size=&#8221;full&#8221;]<\/div><\/div><\/div><\/section><section class=\"vc_row wpb_row vc_row-fluid  vc_custom_1618850515652\"><div class=\"wpb_column vc_column_container vc_col-sm-12  col-xs-mobile-fullwidth\"><div class=\"vc_column-inner \"><div class=\"wpb_wrapper\">[vc_custom_heading text=&#8221;Actividades alumnado de 4\u00ba de ESO&#8221; font_container=&#8221;tag:h2|text_align:center|color:%23e36702&#8243; use_theme_fonts=&#8221;yes&#8221;][vc_tta_accordion style=&#8221;flat&#8221; shape=&#8221;square&#8221; color=&#8221;white&#8221; gap=&#8221;1&#8243; c_position=&#8221;right&#8221; active_section=&#8221;1&#8243; collapsible_all=&#8221;true&#8221;][vc_tta_section title=&#8221;Charla &#8220;\u00a1Prep\u00e1rate para despu\u00e9s de la ESO!&#8220;&#8221; tab_id=&#8221;1618350782226-583afa6a-0df7&#8243;]<div class=\"last-paragraph-no-margin\"><p>Charla sobre los procesos de toma de decisiones y elementos relevantes a tener en cuenta. Despu\u00e9s, estos elementos se tratar\u00e1n mediante actividades gamificadas.<\/p>\n<\/div>[\/vc_tta_section][vc_tta_section title=&#8221;Taller &#8220;Desc\u00fabrete&#8220;&#8221; tab_id=&#8221;1618350782254-555872f2-54e7&#8243;]<div class=\"last-paragraph-no-margin\"><p>Experiencia din\u00e1mica donde el alumnado crear\u00e1 su propio atrapasue\u00f1os.<\/p>\n<\/div>[\/vc_tta_section][vc_tta_section title=&#8221;Taller &#8220;Exploramos itinerarios&#8220;&#8221; tab_id=&#8221;1618350869070-d77d5a4c-6552&#8243;]<div class=\"last-paragraph-no-margin\"><p>Taller din\u00e1mico para trabajar los distintos itinerarios formativos haciendo uso de la gamificaci\u00f3n. Esta actividad busca promover el conocimiento sobre los distintos itinerarios formativos disponibles y resaltar la idea de tantas rutas como personas.<\/p>\n<\/div>[\/vc_tta_section][\/vc_tta_accordion]<\/div><\/div><\/div><\/section><section class=\"vc_row wpb_row vc_row-fluid  vc_custom_1618850515652\"><div class=\"wpb_column vc_column_container vc_col-sm-12  col-xs-mobile-fullwidth\"><div class=\"vc_column-inner \"><div class=\"wpb_wrapper\">[vc_custom_heading text=&#8221;Actividades alumnado de Bachillerato&#8221; font_container=&#8221;tag:h2|text_align:center|color:%23e36702&#8243; use_theme_fonts=&#8221;yes&#8221;][vc_tta_accordion style=&#8221;flat&#8221; shape=&#8221;square&#8221; color=&#8221;white&#8221; gap=&#8221;1&#8243; c_position=&#8221;right&#8221; active_section=&#8221;1&#8243; collapsible_all=&#8221;true&#8221;][vc_tta_section title=&#8221;Charla &#8220;\u00a1Prep\u00e1rate! para los estudios superiores&#8220;&#8221; tab_id=&#8221;1736504560454-e21b9867-8dc9&#8243;]<div class=\"last-paragraph-no-margin\"><p>Charla de 30 minutos sobre el proceso de toma de decisiones y los elementos relevantes a tener en cuenta. Despu\u00e9s, estos elementos se tratar\u00e1n mediante actividades gamificadas.<\/p>\n<\/div>[\/vc_tta_section][vc_tta_section title=&#8221;Taller &#8220;Escoge tu futuro&#8220;&#8221; tab_id=&#8221;1736504560607-b56d7363-49a3&#8243;]<div class=\"last-paragraph-no-margin\"><p>Empleando la din\u00e1mica de representaci\u00f3n de roles (role-paying) este ejercicio pretende promover la comprensi\u00f3n profunda de los factores que pueden influir en un contexto determinado y fomentar la creatividad y la colaboraci\u00f3n entre los estudiantes.<\/p>\n<\/div>[\/vc_tta_section][vc_tta_section title=&#8221;Taller &#8220;Define tu objetivo profesional&#8220;&#8221; tab_id=&#8221;1736504560828-970f4bf0-2592&#8243;]<div class=\"last-paragraph-no-margin\"><p>En esta din\u00e1mica se pretende fomentar la reflexi\u00f3n personal y la planificaci\u00f3n detallada de sus objetivos y aspiraciones profesionales, ayud\u00e1ndolos a identificar sus metas y los pasos a seguir para conseguirlas.<\/p>\n<\/div>[\/vc_tta_section][\/vc_tta_accordion]<\/div><\/div><\/div><\/section><section class=\"vc_row wpb_row vc_row-fluid  vc_custom_1618850515652\"><div class=\"wpb_column vc_column_container vc_col-sm-12  col-xs-mobile-fullwidth\"><div class=\"vc_column-inner \"><div class=\"wpb_wrapper\">[vc_custom_heading text=&#8221;Formaci\u00f3n Profesional B\u00e1sica&#8221; font_container=&#8221;tag:h2|text_align:center|color:%23e36702&#8243; use_theme_fonts=&#8221;yes&#8221;][vc_tta_accordion style=&#8221;flat&#8221; shape=&#8221;square&#8221; color=&#8221;white&#8221; gap=&#8221;1&#8243; c_position=&#8221;right&#8221; active_section=&#8221;1&#8243; collapsible_all=&#8221;true&#8221;][vc_tta_section title=&#8221;Tu proyecto empieza hoy&#8221; tab_id=&#8221;1736504295549-90aceda4-7f00&#8243;]<div class=\"last-paragraph-no-margin\"><p>Charla breve, de car\u00e1cter motivacional, que plantea contextos cercanos al alumnado para contextualizar un punto de partida conjunto dentro del marco de Fut\u00faria.<\/p>\n<\/div>[\/vc_tta_section][vc_tta_section title=&#8221;Descubre tu potencial&#8221; tab_id=&#8221;1736504295778-5052356c-cff0&#8243;]<div class=\"last-paragraph-no-margin\"><p>Taller de autoconocimiento, eminentemente pr\u00e1ctico, en el que el alumnado va explorando y dibujando su potencial.<\/p>\n<\/div>[\/vc_tta_section][vc_tta_section title=&#8221;Define tu futuro&#8221; tab_id=&#8221;1736504295992-68916860-26e9&#8243;]<div class=\"last-paragraph-no-margin\"><p>Taller en el que el alumnado va creando su propio relato, es decir, asume un rol protagonista de su propio futuro.<\/p>\n<\/div>[\/vc_tta_section][\/vc_tta_accordion]<\/div><\/div><\/div><\/section><section class=\"vc_row wpb_row vc_row-fluid  vc_custom_1618850515652\"><div class=\"wpb_column vc_column_container vc_col-sm-12  col-xs-mobile-fullwidth\"><div class=\"vc_column-inner \"><div class=\"wpb_wrapper\">[vc_custom_heading text=&#8221;Formaci\u00f3n Profesional de Grado Medio&#8221; font_container=&#8221;tag:h2|text_align:center|color:%23e36702&#8243; use_theme_fonts=&#8221;yes&#8221;][vc_tta_accordion style=&#8221;flat&#8221; shape=&#8221;square&#8221; color=&#8221;white&#8221; gap=&#8221;1&#8243; c_position=&#8221;right&#8221; active_section=&#8221;1&#8243; collapsible_all=&#8221;true&#8221;][vc_tta_section title=&#8221;Competencias del siglo XXI&#8221; tab_id=&#8221;1706804030079-743784ab-5d73&#8243;]<div class=\"last-paragraph-no-margin\"><p>Actividad introductoria en la que se define el concepto de competencias. Se tratan los diferentes tipos que existen, la relevancia que estas tienen en el mercado laboral y cu\u00e1les son las m\u00e1s demandadas actualmente.<\/p>\n<\/div>[\/vc_tta_section][vc_tta_section title=&#8221;\u00bfTienes un objetivo profesional?&#8221; tab_id=&#8221;1706804030105-7611519d-14c7&#8243;]<div class=\"last-paragraph-no-margin\"><p>Se pretende que el alumnado conozca los elementos clave para definir su objetivo profesional, teniendo en cuenta sus caracter\u00edsticas personales y profesionales, as\u00ed como las caracter\u00edsticas del mercado de trabajo. Se facilita una ficha de trabajo para concretar estos aspectos.<\/p>\n<\/div>[\/vc_tta_section][vc_tta_section title=&#8221;Vamos a por ello&#8221; tab_id=&#8221;1706804030127-7d18cb64-0f2b&#8221;]<div class=\"last-paragraph-no-margin\"><p>En esta actividad, el alumnado conocer\u00e1 c\u00f3mo acceder al mercado laboral. Se tratar\u00e1n las herramientas y canales para la b\u00fasqueda de empleo, y la preparaci\u00f3n del proceso de selecci\u00f3n. Aspectos necesarios para la inserci\u00f3n laboral.<\/p>\n<\/div>[\/vc_tta_section][\/vc_tta_accordion]<\/div><\/div><\/div><\/section><section class=\"vc_row wpb_row vc_row-fluid  vc_custom_1618850515652\"><div class=\"wpb_column vc_column_container vc_col-sm-12  col-xs-mobile-fullwidth\"><div class=\"vc_column-inner \"><div class=\"wpb_wrapper\">[vc_custom_heading text=&#8221;Formaci\u00f3n Profesional de Grado Superior&#8221; font_container=&#8221;tag:h2|text_align:center|color:%23e36702&#8243; use_theme_fonts=&#8221;yes&#8221;][vc_tta_accordion style=&#8221;flat&#8221; shape=&#8221;square&#8221; color=&#8221;white&#8221; gap=&#8221;1&#8243; c_position=&#8221;right&#8221; active_section=&#8221;1&#8243; collapsible_all=&#8221;true&#8221;][vc_tta_section title=&#8221;Competencias del S.XXI y futuro profesional&#8221; tab_id=&#8221;1706804031786-d638fa5a-f65f&#8221;]<div class=\"last-paragraph-no-margin\"><p>Charla breve para revisar cu\u00e1les son las competencias clave que hay que poner en juego para gestionar el Proyecto de Vida y Profesional de cada uno, as\u00ed como tener en cuenta la futura incorporaci\u00f3n al mundo laboral.<\/p>\n<\/div>[\/vc_tta_section][vc_tta_section title=&#8221;Consigue tu objetivo profesional&#8221; tab_id=&#8221;1706804031817-542cb040-f3a5&#8243;]<div class=\"last-paragraph-no-margin\"><p>Alcanza tu objetivo: Se comienza la actividad describiendo el concepto de objetivo profesional. A partir de ah\u00ed, mediante una ficha de trabajo, el alumnado analizar\u00e1 su perfil personal y profesional. Esto les permitir\u00e1 hacer balance y trazar el plan de acci\u00f3n para conseguir el objetivo propuesto.<\/p>\n<\/div>[\/vc_tta_section][vc_tta_section title=&#8221;Deja huella con tu marca personal&#8221; tab_id=&#8221;1736341774240-3a38491d-439e&#8221;]<div class=\"last-paragraph-no-margin\"><p>Deja huella con tu marca personal: En esta actividad se pone en relevancia la necesidad de destacar en el mercado laboral actual. Para lograrlo, es necesario generar marca personal, y se facilitan las herramientas necesarias para la creaci\u00f3n de esta.<\/p>\n<\/div>[\/vc_tta_section][\/vc_tta_accordion]<\/div><\/div><\/div><\/section><section data-vc-full-width=\"true\" data-vc-full-width-init=\"false\" data-vc-stretch-content=\"true\" class=\"vc_row wpb_row vc_row-fluid  vc_custom_1618393313410 vc_row-has-fill pofo-stretch-content\"><div class=\"wpb_column vc_column_container vc_col-sm-4  col-xs-mobile-fullwidth\"><div class=\"vc_column-inner \"><div class=\"wpb_wrapper\"><\/div><\/div><\/div><div class=\"wpb_column vc_column_container vc_col-sm-4  col-xs-mobile-fullwidth\"><div class=\"vc_column-inner \"><div class=\"wpb_wrapper\"><div class=\"vc_row wpb_row vc_inner vc_row-fluid  vc_custom_1618351199078 vc_row-has-fill\"><div class=\"wpb_column vc_column_container ombra vc_col-sm-12  col-xs-mobile-fullwidth\"><div class=\"vc_column-inner vc_custom_1618850525180\"><div class=\"wpb_wrapper\"><div class=\"last-paragraph-no-margin\"><p style=\"text-align: center;\">Recuerda que Futuria + Jove pone a tu disposici\u00f3n el <strong>Toolbox Tu Futuro<\/strong>, una maleta llena de recursos para poder seguir trabajando en tu elecci\u00f3n.<\/p>\n<\/div><\/div><\/div><\/div><\/div><\/div><\/div><\/div><div class=\"wpb_column vc_column_container vc_col-sm-4  col-xs-mobile-fullwidth\"><div class=\"vc_column-inner \"><div class=\"wpb_wrapper\"><\/div><\/div><\/div><\/section><div class=\"vc_row-full-width vc_clearfix\"><\/div><section data-vc-full-width=\"true\" data-vc-full-width-init=\"false\" data-vc-stretch-content=\"true\" class=\"vc_row wpb_row vc_row-fluid   pofo-stretch-content\"><div class=\"wpb_column vc_column_container vc_col-sm-3  col-xs-mobile-fullwidth\"><div class=\"vc_column-inner \"><div class=\"wpb_wrapper\"><\/div><\/div><\/div><div class=\"wpb_column vc_column_container vc_col-sm-6  col-xs-mobile-fullwidth\"><div class=\"vc_column-inner \"><div class=\"wpb_wrapper\"><div class=\"vc_row wpb_row vc_inner vc_row-fluid\"><div class=\"wpb_column vc_column_container ombra vc_col-sm-12  col-xs-mobile-fullwidth\"><div class=\"vc_column-inner vc_custom_1618850525180\"><div class=\"wpb_wrapper\"><div class=\"last-paragraph-no-margin\"><div style=\"width: 1200px;\" class=\"wp-video\"><video class=\"wp-video-shortcode\" id=\"video-1627-1\" width=\"1200\" height=\"675\" preload=\"metadata\" controls=\"controls\"><source type=\"video\/mp4\" src=\"https:\/\/www.futuriajove.com\/wp-content\/uploads\/2026\/01\/FUTURIA_2025.mp4?_=1\" \/><a href=\"https:\/\/www.futuriajove.com\/wp-content\/uploads\/2026\/01\/FUTURIA_2025.mp4\">https:\/\/www.futuriajove.com\/wp-content\/uploads\/2026\/01\/FUTURIA_2025.mp4<\/a><\/video><\/div>\n<\/div><\/div><\/div><\/div><\/div><\/div><\/div><\/div><div class=\"wpb_column vc_column_container vc_col-sm-3  col-xs-mobile-fullwidth\"><div class=\"vc_column-inner \"><div class=\"wpb_wrapper\"><\/div><\/div><\/div><\/section><div class=\"vc_row-full-width vc_clearfix\"><\/div><section data-vc-full-width=\"true\" data-vc-full-width-init=\"false\" data-vc-stretch-content=\"true\" class=\"vc_row wpb_row vc_row-fluid   pofo-stretch-content\"><div class=\"wpb_column vc_column_container vc_col-sm-2  col-xs-mobile-fullwidth\"><div class=\"vc_column-inner \"><div class=\"wpb_wrapper\"><\/div><\/div><\/div><div class=\"wpb_column vc_column_container vc_col-sm-8  col-xs-mobile-fullwidth\"><div class=\"vc_column-inner \"><div class=\"wpb_wrapper\"><div class=\"vc_row wpb_row vc_inner vc_row-fluid\"><div class=\"wpb_column vc_column_container ombra vc_col-sm-12  col-xs-mobile-fullwidth\"><div class=\"vc_column-inner vc_custom_1618850525180\"><div class=\"wpb_wrapper\">[vc_gallery type=&#8221;image_grid&#8221; images=&#8221;1560,1562,1564,1566,1568,1570,1572,1574,1576,1578,1580,1582,1584,1586,1588,1590,1592,1594,1596&#8243; img_size=&#8221;medium&#8221;]<\/div><\/div><\/div><\/div><\/div><\/div><\/div><div class=\"wpb_column vc_column_container vc_col-sm-2  col-xs-mobile-fullwidth\"><div class=\"vc_column-inner \"><div class=\"wpb_wrapper\"><\/div><\/div><\/div><\/section><div class=\"vc_row-full-width vc_clearfix\"><\/div>\n","protected":false},"excerpt":{"rendered":"[vc_empty_space][vc_custom_heading text=\"Programa\" font_container=\"tag:h1|text_align:left|color:%23ffffff\" use_theme_fonts=\"yes\"][vc_custom_heading text=\"27, 28, 29, 30 y 31 de enero de 2025\" font_container=\"tag:h4|text_align:left|color:%23ffffff\" use_theme_fonts=\"yes\"]\u00bfQuieres conocer todas las actividades de Fut\u00faria+Jove? A trav\u00e9s de las actividades y talleres que se ofrecen podr\u00e1s poner en pr\u00e1ctica la toma de decisiones, explorar tus caracter\u00edsticas personales y los aspectos del entorno: la oferta formativa y el mercado de trabajo. [vc_single_image image=\"303\" img_size=\"full\"][vc_custom_heading text=\"Actividades alumnado de 4\u00ba de ESO\" font_container=\"tag:h2|text_align:center|color:%23e36702\" use_theme_fonts=\"yes\"][vc_tta_accordion style=\"flat\" shape=\"square\" color=\"white\" gap=\"1\" c_position=\"right\" active_section=\"1\" collapsible_all=\"true\"][vc_tta_section title=\"Charla ``\u00a1Prep\u00e1rate para despu\u00e9s de la ESO!``\" tab_id=\"1618350782226-583afa6a-0df7\"]Charla sobre los procesos de toma de decisiones y elementos relevantes a tener en cuenta. Despu\u00e9s, estos elementos se tratar\u00e1n mediante actividades gamificadas. [\/vc_tta_section][vc_tta_section title=\"Taller ``Desc\u00fabrete``\" tab_id=\"1618350782254-555872f2-54e7\"]Experiencia din\u00e1mica donde el alumnado crear\u00e1 su propio atrapasue\u00f1os. [\/vc_tta_section][vc_tta_section title=\"Taller ``Exploramos itinerarios``\" tab_id=\"1618350869070-d77d5a4c-6552\"]Taller din\u00e1mico para trabajar los distintos itinerarios formativos haciendo uso de la gamificaci\u00f3n. Esta actividad busca promover el conocimiento sobre los distintos itinerarios formativos disponibles y resaltar la idea de tantas rutas como personas. [\/vc_tta_section][\/vc_tta_accordion][vc_custom_heading text=\"Actividades alumnado de Bachillerato\" font_container=\"tag:h2|text_align:center|color:%23e36702\" use_theme_fonts=\"yes\"][vc_tta_accordion style=\"flat\" shape=\"square\" color=\"white\" gap=\"1\" c_position=\"right\" active_section=\"1\" collapsible_all=\"true\"][vc_tta_section title=\"Charla ``\u00a1Prep\u00e1rate! para los estudios superiores``\" tab_id=\"1736504560454-e21b9867-8dc9\"]Charla de 30 minutos sobre el proceso de toma de decisiones y los elementos relevantes a tener en cuenta. Despu\u00e9s, estos elementos se tratar\u00e1n mediante...","protected":false},"author":1,"featured_media":0,"parent":0,"menu_order":0,"comment_status":"closed","ping_status":"closed","template":"","meta":{"inline_featured_image":false,"footnotes":""},"class_list":["post-1627","page","type-page","status-publish","hentry"],"_links":{"self":[{"href":"https:\/\/www.futuriajove.com\/es\/wp-json\/wp\/v2\/pages\/1627","targetHints":{"allow":["GET"]}}],"collection":[{"href":"https:\/\/www.futuriajove.com\/es\/wp-json\/wp\/v2\/pages"}],"about":[{"href":"https:\/\/www.futuriajove.com\/es\/wp-json\/wp\/v2\/types\/page"}],"author":[{"embeddable":true,"href":"https:\/\/www.futuriajove.com\/es\/wp-json\/wp\/v2\/users\/1"}],"replies":[{"embeddable":true,"href":"https:\/\/www.futuriajove.com\/es\/wp-json\/wp\/v2\/comments?post=1627"}],"version-history":[{"count":8,"href":"https:\/\/www.futuriajove.com\/es\/wp-json\/wp\/v2\/pages\/1627\/revisions"}],"predecessor-version":[{"id":1944,"href":"https:\/\/www.futuriajove.com\/es\/wp-json\/wp\/v2\/pages\/1627\/revisions\/1944"}],"wp:attachment":[{"href":"https:\/\/www.futuriajove.com\/es\/wp-json\/wp\/v2\/media?parent=1627"}],"curies":[{"name":"wp","href":"https:\/\/api.w.org\/{rel}","templated":true}]}}