{"id":1901,"date":"2026-01-14T16:39:43","date_gmt":"2026-01-14T14:39:43","guid":{"rendered":"https:\/\/www.futuriajove.com\/?page_id=1901"},"modified":"2026-04-22T11:31:17","modified_gmt":"2026-04-22T09:31:17","slug":"programa-2026","status":"publish","type":"page","link":"https:\/\/www.futuriajove.com\/es\/programa-2026\/","title":{"rendered":"Programa 2026"},"content":{"rendered":"<section data-vc-full-width=\"true\" data-vc-full-width-init=\"false\" class=\"vc_row wpb_row vc_row-fluid  vc_custom_1618348403009 bg-position-center-bottom wow fadeInDown vc_row-has-fill pofo-stretch-content pofo-stretch-row-container\"><div class=\"wpb_column vc_column_container vc_col-sm-12  col-xs-mobile-fullwidth\"><div class=\"vc_column-inner \"><div class=\"wpb_wrapper\">[vc_empty_space][vc_custom_heading text=&#8221;Programa&#8221; font_container=&#8221;tag:h1|text_align:left|color:%23ffffff&#8221; use_theme_fonts=&#8221;yes&#8221;][vc_custom_heading text=&#8221;26, 27, 28, 29, 30 de enero de 2026&#8243; font_container=&#8221;tag:h4|text_align:left|color:%23ffffff&#8221; use_theme_fonts=&#8221;yes&#8221;]<\/div><\/div><\/div><\/section><div class=\"vc_row-full-width vc_clearfix\"><\/div><section class=\"vc_row wpb_row vc_row-fluid\"><div class=\"wpb_column vc_column_container vc_col-sm-6  col-xs-mobile-fullwidth\"><div class=\"vc_column-inner \"><div class=\"wpb_wrapper\"><div class=\"last-paragraph-no-margin\" style=\"color: #003359;\"><p>\u00bfQuieres conocer todas las actividades de Fut\u00faria+Jove? A trav\u00e9s de las actividades y talleres que se ofrecen podr\u00e1s poner en pr\u00e1ctica la toma de decisiones, explorar tus caracter\u00edsticas personales y los aspectos del entorno: la oferta formativa y el mercado de trabajo.<\/p>\n<\/div><\/div><\/div><\/div><div class=\"wpb_column vc_column_container vc_col-sm-3  col-xs-mobile-fullwidth\"><div class=\"vc_column-inner \"><div class=\"wpb_wrapper\"><\/div><\/div><\/div><div class=\"wpb_column vc_column_container vc_col-sm-3  col-xs-mobile-fullwidth\"><div class=\"vc_column-inner \"><div class=\"wpb_wrapper\">[vc_single_image image=&#8221;303&#8243; img_size=&#8221;full&#8221;]<\/div><\/div><\/div><\/section><section class=\"vc_row wpb_row vc_row-fluid  vc_custom_1618850515652\"><div class=\"wpb_column vc_column_container vc_col-sm-12  col-xs-mobile-fullwidth\"><div class=\"vc_column-inner \"><div class=\"wpb_wrapper\">[vc_custom_heading text=&#8221;Actividades alumnado de 4\u00ba de ESO&#8221; font_container=&#8221;tag:h2|text_align:center|color:%23e36702&#8243; use_theme_fonts=&#8221;yes&#8221;][vc_tta_accordion style=&#8221;flat&#8221; shape=&#8221;square&#8221; color=&#8221;white&#8221; gap=&#8221;1&#8243; c_position=&#8221;right&#8221; active_section=&#8221;1&#8243; collapsible_all=&#8221;true&#8221;][vc_tta_section title=&#8221;Escape room: despacho bajo llave&#8221; tab_id=&#8221;1618350782226-583afa6a-0df7&#8243;]<div class=\"last-paragraph-no-margin\"><p class=\"p1\">Actividad experiencial para poner en pr\u00e1ctica e\u00a0identificar diversas competencias clave para el\u00a0mundo acad\u00e9mico y laboral, a trav\u00e9s de un\u00a0conjunto de din\u00e1micas, donde deber\u00e1n resolver\u00a0enigmas y trabajar competencias como la\u00a0resoluci\u00f3n de problemas, trabajo en equipo, etc.<\/p>\n<\/div>[\/vc_tta_section][vc_tta_section title=&#8221;Prep\u00e1rate para decidir&#8221; tab_id=&#8221;1618350782254-555872f2-54e7&#8243;]<div class=\"last-paragraph-no-margin\"><p class=\"p1\">Charla-coloquio de contextualizaci\u00f3n en la que\u00a0se exponen los elementos clave a tener en\u00a0cuenta en el proceso de la toma de decisiones.<\/p>\n<\/div>[\/vc_tta_section][vc_tta_section title=&#8221;Spoiler: hay m\u00e1s de un camino&#8221; tab_id=&#8221;1618350869070-d77d5a4c-6552&#8243;]<div class=\"last-paragraph-no-margin\"><p class=\"p1\">En esta actividad nos adentramos en una\u00a0exploraci\u00f3n del sistema educativo y a trav\u00e9s del juego interactivo donde se resolver\u00e1n cuestiones\u00a0relacionadas con los diferentes itinerarios formativos.<\/p>\n<\/div>[\/vc_tta_section][\/vc_tta_accordion]<\/div><\/div><\/div><\/section><section class=\"vc_row wpb_row vc_row-fluid  vc_custom_1618850515652\"><div class=\"wpb_column vc_column_container vc_col-sm-12  col-xs-mobile-fullwidth\"><div class=\"vc_column-inner \"><div class=\"wpb_wrapper\">[vc_custom_heading text=&#8221;Actividades alumnado de Bachillerato&#8221; font_container=&#8221;tag:h2|text_align:center|color:%23e36702&#8243; use_theme_fonts=&#8221;yes&#8221;][vc_tta_accordion style=&#8221;flat&#8221; shape=&#8221;square&#8221; color=&#8221;white&#8221; gap=&#8221;1&#8243; c_position=&#8221;right&#8221; active_section=&#8221;1&#8243; collapsible_all=&#8221;true&#8221;][vc_tta_section title=&#8221;Prep\u00e1rate para decidir&#8221; tab_id=&#8221;1736504560454-e21b9867-8dc9&#8243;]<div class=\"last-paragraph-no-margin\"><p class=\"p1\">Charla-coloquio de contextualizaci\u00f3n en la que\u00a0se exponen los elementos clave a tener en\u00a0cuenta en el proceso de la toma de decisiones.<\/p>\n<\/div>[\/vc_tta_section][vc_tta_section title=&#8221;Competencias en gravedad zero&#8221; tab_id=&#8221;1736504560607-b56d7363-49a3&#8243;]<div class=\"last-paragraph-no-margin\"><p class=\"p1\">A trav\u00e9s de una din\u00e1mica que combina el trabajo\u00a0individual y el trabajo en grupo, trabajaremos\u00a0habilidades y competencias clave, donde podr\u00e1n\u00a0identificar puntos fuertes (en los que destacan) y\u00a0puntos d\u00e9biles (qu\u00e9 pueden mejorar).<\/p>\n<\/div>[\/vc_tta_section][vc_tta_section title=&#8221;Condici\u00f3name si puedes&#8221; tab_id=&#8221;1736504560828-970f4bf0-2592&#8243;]<div class=\"last-paragraph-no-margin\"><p class=\"p1\">Taller din\u00e1mico en el que los alumnos\u00a0representar\u00e1n situaciones habituales de su\u00a0entorno, que se dan a la hora de elegir unos\u00a0estudios y una profesi\u00f3n, lo que ayudar\u00e1 a\u00a0identificar algunos tipos de condicionantes que\u00a0influyen en este proceso.<\/p>\n<\/div>[\/vc_tta_section][\/vc_tta_accordion]<\/div><\/div><\/div><\/section><section class=\"vc_row wpb_row vc_row-fluid  vc_custom_1618850515652\"><div class=\"wpb_column vc_column_container vc_col-sm-12  col-xs-mobile-fullwidth\"><div class=\"vc_column-inner \"><div class=\"wpb_wrapper\">[vc_custom_heading text=&#8221;Formaci\u00f3n Profesional B\u00e1sica&#8221; font_container=&#8221;tag:h2|text_align:center|color:%23e36702&#8243; use_theme_fonts=&#8221;yes&#8221;][vc_tta_accordion style=&#8221;flat&#8221; shape=&#8221;square&#8221; color=&#8221;white&#8221; gap=&#8221;1&#8243; c_position=&#8221;right&#8221; active_section=&#8221;1&#8243; collapsible_all=&#8221;true&#8221;][vc_tta_section title=&#8221;Prep\u00e1rate para decidir&#8221; tab_id=&#8221;1736504295549-90aceda4-7f00&#8243;]<div class=\"last-paragraph-no-margin\"><p class=\"p1\">Charla-coloquio de contextualizaci\u00f3n en la que se exponen los elementos clave a tener en cuenta en el proceso de la toma de decisiones.<\/p>\n<\/div>[\/vc_tta_section][vc_tta_section title=&#8221;Te conoces lo suficiente?&#8221; tab_id=&#8221;1736504295778-5052356c-cff0&#8243;]<div class=\"last-paragraph-no-margin\"><p class=\"p1\">Sesi\u00f3n dedicada al autoconocimiento de los\u00a0alumnos, saber c\u00f3mo son, cu\u00e1les son sus\u00a0fortalezas, que les gusta, qu\u00e9 no,&#8230;, para poder\u00a0tomar una decisi\u00f3n con seguridad.<\/p>\n<\/div>[\/vc_tta_section][vc_tta_section title=&#8221;Maleta de les competencias: misi\u00f3n hacker&#8221; tab_id=&#8221;1736504295992-68916860-26e9&#8243;]<div class=\"last-paragraph-no-margin\"><p class=\"p1\">Actividad inmersiva en formato de escape room\u00a0en la que habr\u00e1 que superar pruebas, retos y\u00a0trabajar cooperativamente. A trav\u00e9s de las\u00a0acciones y decisiones que van tomando, podr\u00e1n\u00a0identificar competencias que han trabajado\u00a0durante la sesi\u00f3n.<\/p>\n<\/div>[\/vc_tta_section][\/vc_tta_accordion]<\/div><\/div><\/div><\/section><section class=\"vc_row wpb_row vc_row-fluid  vc_custom_1618850515652\"><div class=\"wpb_column vc_column_container vc_col-sm-12  col-xs-mobile-fullwidth\"><div class=\"vc_column-inner \"><div class=\"wpb_wrapper\">[vc_custom_heading text=&#8221;Formaci\u00f3n Profesional de Grado Medio&#8221; font_container=&#8221;tag:h2|text_align:center|color:%23e36702&#8243; use_theme_fonts=&#8221;yes&#8221;][vc_tta_accordion style=&#8221;flat&#8221; shape=&#8221;square&#8221; color=&#8221;white&#8221; gap=&#8221;1&#8243; c_position=&#8221;right&#8221; active_section=&#8221;1&#8243; collapsible_all=&#8221;true&#8221;][vc_tta_section title=&#8221;Competencias clave para el siglo XXI&#8221; tab_id=&#8221;1706804030079-743784ab-5d73&#8243;]<div class=\"last-paragraph-no-margin\"><p class=\"p1\">Descubre las competencias transversales m\u00e1s\u00a0demandadas por el mercado de trabajo\u00a0actualmente y potencialas.<\/p>\n<\/div>[\/vc_tta_section][vc_tta_section title=&#8221;Proy\u00e9ctate: \u00bfA d\u00f3nde quieres llegar?&#8221; tab_id=&#8221;1706804030105-7611519d-14c7&#8243;]<div class=\"last-paragraph-no-margin\"><p class=\"p1\">Sesi\u00f3n orientada a definir tu objetivo profesional\u00a0y trazar el camino que te ayudar\u00e1 a alcanzarlo,\u00a0identificando los intereses personales y\u00a0profesionales, conociendo itinerarios formativos\u00a0que m\u00e1s se adapten, entre otros elementos\u00a0clave.<\/p>\n<\/div>[\/vc_tta_section][vc_tta_section title=&#8221;Maleta de les competencias: misi\u00f3n hacker&#8221; tab_id=&#8221;1706804030127-7d18cb64-0f2b&#8221;]<div class=\"last-paragraph-no-margin\"><p class=\"p1\">Actividad inmersiva en formato de escape room\u00a0en la que habr\u00e1 que superar pruebas, retos y\u00a0trabajar cooperativamente. A trav\u00e9s de las\u00a0acciones y decisiones que van tomando, podr\u00e1n\u00a0identificar competencias que han trabajado\u00a0durante la sesi\u00f3n.<\/p>\n<\/div>[\/vc_tta_section][\/vc_tta_accordion]<\/div><\/div><\/div><\/section><section class=\"vc_row wpb_row vc_row-fluid  vc_custom_1618850515652\"><div class=\"wpb_column vc_column_container vc_col-sm-12  col-xs-mobile-fullwidth\"><div class=\"vc_column-inner \"><div class=\"wpb_wrapper\">[vc_custom_heading text=&#8221;Formaci\u00f3n Profesional de Grado Superior&#8221; font_container=&#8221;tag:h2|text_align:center|color:%23e36702&#8243; use_theme_fonts=&#8221;yes&#8221;][vc_tta_accordion style=&#8221;flat&#8221; shape=&#8221;square&#8221; color=&#8221;white&#8221; gap=&#8221;1&#8243; c_position=&#8221;right&#8221; active_section=&#8221;1&#8243; collapsible_all=&#8221;true&#8221;][vc_tta_section title=&#8221;Competencias clave para el siglo XXI&#8221; tab_id=&#8221;1706804031786-d638fa5a-f65f&#8221;]<div class=\"last-paragraph-no-margin\"><p class=\"p1\">Descubre las competencias transversales m\u00e1s\u00a0demandadas por el mercado de trabajo\u00a0actualmente y potencialas.<\/p>\n<\/div>[\/vc_tta_section][vc_tta_section title=&#8221;Maleta de les compet\u00e8ncies: missi\u00f3 hacker&#8221; tab_id=&#8221;1706804031817-542cb040-f3a5&#8243;]<div class=\"last-paragraph-no-margin\"><p class=\"p1\">Identifica en qu\u00e9 habilidades y competencias\u00a0destacas m\u00e1s y se te dan mejor, as\u00ed como\u00a0aquellas que habr\u00eda que mejorar o adquirir para\u00a0tu desarrollo acad\u00e9mico y profesional.<\/p>\n<\/div>[\/vc_tta_section][vc_tta_section title=&#8221;Proy\u00e9ctate: \u00bfA d\u00f3nde quieres llegar?&#8221; tab_id=&#8221;1736341774240-3a38491d-439e&#8221;]<div class=\"last-paragraph-no-margin\"><p class=\"p1\">Sesi\u00f3n orientada a definir tu objetivo profesional\u00a0y trazar el camino que te ayudar\u00e1 a alcanzarlo,\u00a0identificando los intereses personales y\u00a0profesionales, conociendo itinerarios formativos\u00a0que m\u00e1s se adapten, entre otros elementos\u00a0clave.<\/p>\n<\/div>[\/vc_tta_section][\/vc_tta_accordion]<\/div><\/div><\/div><\/section><section data-vc-full-width=\"true\" data-vc-full-width-init=\"false\" data-vc-stretch-content=\"true\" class=\"vc_row wpb_row vc_row-fluid  vc_custom_1618393313410 vc_row-has-fill pofo-stretch-content\"><div class=\"wpb_column vc_column_container vc_col-sm-4  col-xs-mobile-fullwidth\"><div class=\"vc_column-inner \"><div class=\"wpb_wrapper\"><\/div><\/div><\/div><div class=\"wpb_column vc_column_container vc_col-sm-4  col-xs-mobile-fullwidth\"><div class=\"vc_column-inner \"><div class=\"wpb_wrapper\"><div class=\"vc_row wpb_row vc_inner vc_row-fluid  vc_custom_1618351199078 vc_row-has-fill\"><div class=\"wpb_column vc_column_container ombra vc_col-sm-12  col-xs-mobile-fullwidth\"><div class=\"vc_column-inner vc_custom_1618850525180\"><div class=\"wpb_wrapper\"><div class=\"last-paragraph-no-margin\"><p style=\"text-align: center;\">Recuerda que Futuria + Jove pone a tu disposici\u00f3n el <strong>Toolbox Tu Futuro<\/strong>, una maleta llena de recursos para poder seguir trabajando en tu elecci\u00f3n.<\/p>\n<\/div><\/div><\/div><\/div><\/div><\/div><\/div><\/div><div class=\"wpb_column vc_column_container vc_col-sm-4  col-xs-mobile-fullwidth\"><div class=\"vc_column-inner \"><div class=\"wpb_wrapper\"><\/div><\/div><\/div><\/section><div class=\"vc_row-full-width vc_clearfix\"><\/div><section data-vc-full-width=\"true\" data-vc-full-width-init=\"false\" data-vc-stretch-content=\"true\" class=\"vc_row wpb_row vc_row-fluid   pofo-stretch-content\"><div class=\"wpb_column vc_column_container vc_col-sm-3  col-xs-mobile-fullwidth\"><div class=\"vc_column-inner \"><div class=\"wpb_wrapper\"><\/div><\/div><\/div><div class=\"wpb_column vc_column_container vc_col-sm-6  col-xs-mobile-fullwidth\"><div class=\"vc_column-inner \"><div class=\"wpb_wrapper\"><div class=\"vc_row wpb_row vc_inner vc_row-fluid\"><div class=\"wpb_column vc_column_container ombra vc_col-sm-12  col-xs-mobile-fullwidth\"><div class=\"vc_column-inner vc_custom_1618850525180\"><div class=\"wpb_wrapper\"><div class=\"last-paragraph-no-margin\"><div style=\"width: 1200px;\" class=\"wp-video\"><video class=\"wp-video-shortcode\" id=\"video-1901-1\" width=\"1200\" height=\"675\" preload=\"metadata\" controls=\"controls\"><source type=\"video\/mp4\" src=\"https:\/\/www.futuriajove.com\/wp-content\/uploads\/2026\/04\/FUTURIA_RECAP_2026.mp4?_=1\" \/><a href=\"https:\/\/www.futuriajove.com\/wp-content\/uploads\/2026\/04\/FUTURIA_RECAP_2026.mp4\">https:\/\/www.futuriajove.com\/wp-content\/uploads\/2026\/04\/FUTURIA_RECAP_2026.mp4<\/a><\/video><\/div>\n<\/div><\/div><\/div><\/div><\/div><\/div><\/div><\/div><div class=\"wpb_column vc_column_container vc_col-sm-3  col-xs-mobile-fullwidth\"><div class=\"vc_column-inner \"><div class=\"wpb_wrapper\"><\/div><\/div><\/div><\/section><div class=\"vc_row-full-width vc_clearfix\"><\/div><section data-vc-full-width=\"true\" data-vc-full-width-init=\"false\" data-vc-stretch-content=\"true\" class=\"vc_row wpb_row vc_row-fluid   pofo-stretch-content\"><div class=\"wpb_column vc_column_container vc_col-sm-2  col-xs-mobile-fullwidth\"><div class=\"vc_column-inner \"><div class=\"wpb_wrapper\"><\/div><\/div><\/div><div class=\"wpb_column vc_column_container vc_col-sm-8  col-xs-mobile-fullwidth\"><div class=\"vc_column-inner \"><div class=\"wpb_wrapper\"><div class=\"vc_row wpb_row vc_inner vc_row-fluid\"><div class=\"wpb_column vc_column_container ombra vc_col-sm-12  col-xs-mobile-fullwidth\"><div class=\"vc_column-inner vc_custom_1618850525180\"><div class=\"wpb_wrapper\">[vc_gallery type=&#8221;image_grid&#8221; images=&#8221;1560,1562,1564,1566,1568,1570,1572,1574,1576,1578,1580,1582,1584,1586,1588,1590,1592,1594,1596&#8243; img_size=&#8221;medium&#8221;]<\/div><\/div><\/div><\/div><\/div><\/div><\/div><div class=\"wpb_column vc_column_container vc_col-sm-2  col-xs-mobile-fullwidth\"><div class=\"vc_column-inner \"><div class=\"wpb_wrapper\"><\/div><\/div><\/div><\/section><div class=\"vc_row-full-width vc_clearfix\"><\/div>\n","protected":false},"excerpt":{"rendered":"[vc_empty_space][vc_custom_heading text=\"Programa\" font_container=\"tag:h1|text_align:left|color:%23ffffff\" use_theme_fonts=\"yes\"][vc_custom_heading text=\"26, 27, 28, 29, 30 de enero de 2026\" font_container=\"tag:h4|text_align:left|color:%23ffffff\" use_theme_fonts=\"yes\"]\u00bfQuieres conocer todas las actividades de Fut\u00faria+Jove? A trav\u00e9s de las actividades y talleres que se ofrecen podr\u00e1s poner en pr\u00e1ctica la toma de decisiones, explorar tus caracter\u00edsticas personales y los aspectos del entorno: la oferta formativa y el mercado de trabajo. [vc_single_image image=\"303\" img_size=\"full\"][vc_custom_heading text=\"Actividades alumnado de 4\u00ba de ESO\" font_container=\"tag:h2|text_align:center|color:%23e36702\" use_theme_fonts=\"yes\"][vc_tta_accordion style=\"flat\" shape=\"square\" color=\"white\" gap=\"1\" c_position=\"right\" active_section=\"1\" collapsible_all=\"true\"][vc_tta_section title=\"Escape room: despacho bajo llave\" tab_id=\"1618350782226-583afa6a-0df7\"]Actividad experiencial para poner en pr\u00e1ctica e\u00a0identificar diversas competencias clave para el\u00a0mundo acad\u00e9mico y laboral, a trav\u00e9s de un\u00a0conjunto de din\u00e1micas, donde deber\u00e1n resolver\u00a0enigmas y trabajar competencias como la\u00a0resoluci\u00f3n de problemas, trabajo en equipo, etc. [\/vc_tta_section][vc_tta_section title=\"Prep\u00e1rate para decidir\" tab_id=\"1618350782254-555872f2-54e7\"]Charla-coloquio de contextualizaci\u00f3n en la que\u00a0se exponen los elementos clave a tener en\u00a0cuenta en el proceso de la toma de decisiones. [\/vc_tta_section][vc_tta_section title=\"Spoiler: hay m\u00e1s de un camino\" tab_id=\"1618350869070-d77d5a4c-6552\"]En esta actividad nos adentramos en una\u00a0exploraci\u00f3n del sistema educativo y a trav\u00e9s del juego interactivo donde se resolver\u00e1n cuestiones\u00a0relacionadas con los diferentes itinerarios formativos. [\/vc_tta_section][\/vc_tta_accordion][vc_custom_heading text=\"Actividades alumnado de Bachillerato\" font_container=\"tag:h2|text_align:center|color:%23e36702\" use_theme_fonts=\"yes\"][vc_tta_accordion style=\"flat\" shape=\"square\" color=\"white\" gap=\"1\" c_position=\"right\" active_section=\"1\" collapsible_all=\"true\"][vc_tta_section title=\"Prep\u00e1rate para decidir\" tab_id=\"1736504560454-e21b9867-8dc9\"]Charla-coloquio de contextualizaci\u00f3n en la que\u00a0se exponen los elementos clave a tener...","protected":false},"author":1,"featured_media":0,"parent":0,"menu_order":0,"comment_status":"closed","ping_status":"closed","template":"","meta":{"inline_featured_image":false,"footnotes":""},"class_list":["post-1901","page","type-page","status-publish","hentry"],"_links":{"self":[{"href":"https:\/\/www.futuriajove.com\/es\/wp-json\/wp\/v2\/pages\/1901","targetHints":{"allow":["GET"]}}],"collection":[{"href":"https:\/\/www.futuriajove.com\/es\/wp-json\/wp\/v2\/pages"}],"about":[{"href":"https:\/\/www.futuriajove.com\/es\/wp-json\/wp\/v2\/types\/page"}],"author":[{"embeddable":true,"href":"https:\/\/www.futuriajove.com\/es\/wp-json\/wp\/v2\/users\/1"}],"replies":[{"embeddable":true,"href":"https:\/\/www.futuriajove.com\/es\/wp-json\/wp\/v2\/comments?post=1901"}],"version-history":[{"count":6,"href":"https:\/\/www.futuriajove.com\/es\/wp-json\/wp\/v2\/pages\/1901\/revisions"}],"predecessor-version":[{"id":1953,"href":"https:\/\/www.futuriajove.com\/es\/wp-json\/wp\/v2\/pages\/1901\/revisions\/1953"}],"wp:attachment":[{"href":"https:\/\/www.futuriajove.com\/es\/wp-json\/wp\/v2\/media?parent=1901"}],"curies":[{"name":"wp","href":"https:\/\/api.w.org\/{rel}","templated":true}]}}