{"id":349,"date":"2021-04-19T21:55:18","date_gmt":"2021-04-19T19:55:18","guid":{"rendered":"http:\/\/www.futuriajove.com\/?page_id=349"},"modified":"2022-02-28T20:13:17","modified_gmt":"2022-02-28T18:13:17","slug":"cij-santa-eularia","status":"publish","type":"page","link":"https:\/\/www.futuriajove.com\/es\/cij-santa-eularia\/","title":{"rendered":"CIJ Santa Eul\u00e0ria"},"content":{"rendered":"<section data-vc-full-width=\"true\" data-vc-full-width-init=\"false\" class=\"vc_row wpb_row vc_row-fluid  vc_custom_1618935477276 bg-position-center-bottom wow fadeInDown vc_row-has-fill pofo-stretch-content pofo-stretch-row-container\"><div class=\"wpb_column vc_column_container vc_col-sm-12  col-xs-mobile-fullwidth\"><div class=\"vc_column-inner \"><div class=\"wpb_wrapper\">[vc_empty_space][vc_custom_heading text=&#8221;CIJ Santa Eul\u00e0ria&#8221; font_container=&#8221;tag:h1|text_align:left|color:%23ffffff&#8221; use_theme_fonts=&#8221;yes&#8221;]<\/div><\/div><\/div><\/section><div class=\"vc_row-full-width vc_clearfix\"><\/div><section class=\"vc_row wpb_row vc_row-fluid\"><div class=\"wpb_column vc_column_container vc_col-sm-6  col-xs-mobile-fullwidth\"><div class=\"vc_column-inner \"><div class=\"wpb_wrapper\"><div class=\" vc_custom_1646071976712 last-paragraph-no-margin\" style=\"color: #003359;\"><p>Sabemos que son muchos los factores que hay que tener en cuenta a la hora de tomar una decisi\u00f3n para tu futuro acad\u00e9mico y profesional. Adem\u00e1s, a lo largo del camino pueden surgir diferentes dudas o sucesos que hacen que te replantees el camino.<\/p>\n<p>En el Centro de Informaci\u00f3n Juvenil de Santa Eul\u00e0ria des Riu (CIJSE) te acompa\u00f1amos en el proceso de construcci\u00f3n de tu proyecto de vida y profesional. Ofrecemos informaci\u00f3n, orientaci\u00f3n y asesoramiento, mediante una atenci\u00f3n personalizada y din\u00e1mica, haciendo que la persona observe y participe en todo el proceso trabajando conjuntamente.<\/p>\n<p>Puedes hacer una consulta a trav\u00e9s del formulario siguiente y\/o pedirnos una cita previa para atenderte personalmente en nuestro centro.<\/p>\n<\/div>[vc_empty_space height=&#8221;60px&#8221;]<\/div><\/div><\/div><div class=\"wpb_column vc_column_container vc_col-sm-6  col-xs-mobile-fullwidth\"><div class=\"vc_column-inner \"><div class=\"wpb_wrapper\"><div class=\"vc_row wpb_row vc_inner vc_row-fluid\"><div class=\"wpb_column vc_column_container vc_col-sm-6  col-xs-mobile-fullwidth\"><div class=\"vc_column-inner \"><div class=\"wpb_wrapper\"><\/div><\/div><\/div><div class=\"wpb_column vc_column_container vc_col-sm-6  col-xs-mobile-fullwidth\"><div class=\"vc_column-inner \"><div class=\"wpb_wrapper\">[vc_single_image image=&#8221;583&#8243; img_size=&#8221;full&#8221;]<\/div><\/div><\/div><\/div>[vc_empty_space height=&#8221;70px&#8221;]<\/div><\/div><\/div><\/section><section data-vc-full-width=\"true\" data-vc-full-width-init=\"false\" class=\"vc_row wpb_row vc_row-fluid  vc_custom_1618848315223 vc_row-has-fill pofo-stretch-content pofo-stretch-row-container vc_row-o-equal-height vc_row-flex\"><div class=\"wpb_column vc_column_container vc_col-has-fill vc_col-sm-6  col-xs-mobile-fullwidth\"><div class=\"vc_column-inner bg-position-center-bottom vc_custom_1619100164321\"><div class=\"wpb_wrapper\"><div class=\"last-paragraph-no-margin\"><p>Centro de Informaci\u00f3n Juvenil de Santa Eul\u00e0ria des Riu<\/p>\n<p>Departamento de Juventud<\/p>\n<p>C\/ Sant Jaume, 72, 1\u00aa planta, edificio de Cultura y Juventud &#8211; 07840 Santa Eul\u00e0ria des Riu<\/p>\n<p><a href=\"mailto:cijse@santaeularia.com\">cijse@santaeularia.com<\/a><\/p>\n<p>971 31 90 65<\/p>\n<\/div><\/div><\/div><\/div><div class=\"wpb_column vc_column_container vc_col-sm-6  col-xs-mobile-fullwidth\"><div class=\"vc_column-inner vc_custom_1618848649362\"><div class=\"wpb_wrapper\">[vc_custom_heading text=&#8221;\u00bfNecesitas ayuda?&#8221; font_container=&#8221;tag:h2|text_align:left|color:%23e36702&#8243; use_theme_fonts=&#8221;yes&#8221;]\n<div class=\"wpcf7 no-js\" id=\"wpcf7-f443-o1\" lang=\"ca\" dir=\"ltr\" data-wpcf7-id=\"443\">\n<div class=\"screen-reader-response\"><p role=\"status\" aria-live=\"polite\" aria-atomic=\"true\"><\/p> <ul><\/ul><\/div>\n<form action=\"\/es\/wp-json\/wp\/v2\/pages\/349#wpcf7-f443-o1\" method=\"post\" class=\"wpcf7-form init\" aria-label=\"Contact form\" novalidate=\"novalidate\" data-status=\"init\">\n<fieldset class=\"hidden-fields-container\"><input type=\"hidden\" name=\"_wpcf7\" value=\"443\" \/><input type=\"hidden\" name=\"_wpcf7_version\" value=\"6.1.4\" \/><input type=\"hidden\" name=\"_wpcf7_locale\" value=\"ca\" \/><input type=\"hidden\" name=\"_wpcf7_unit_tag\" value=\"wpcf7-f443-o1\" \/><input type=\"hidden\" name=\"_wpcf7_container_post\" value=\"0\" \/><input type=\"hidden\" name=\"_wpcf7_posted_data_hash\" value=\"\" \/>\n<\/fieldset>\n<p><span class=\"wpcf7-form-control-wrap\" data-name=\"your-name\"><input size=\"40\" maxlength=\"400\" class=\"wpcf7-form-control wpcf7-text wpcf7-validates-as-required\" aria-required=\"true\" aria-invalid=\"false\" placeholder=\"Nombre y apellidos\" value=\"\" type=\"text\" name=\"your-name\" \/><\/span><br \/>\n<span class=\"wpcf7-form-control-wrap\" data-name=\"data-naixement\"><input size=\"40\" maxlength=\"400\" class=\"wpcf7-form-control wpcf7-text\" aria-invalid=\"false\" placeholder=\"Fecha nacimiento\" value=\"\" type=\"text\" name=\"data-naixement\" \/><\/span><br \/>\n<span class=\"wpcf7-form-control-wrap\" data-name=\"your-email\"><input size=\"40\" maxlength=\"400\" class=\"wpcf7-form-control wpcf7-email wpcf7-validates-as-required wpcf7-text wpcf7-validates-as-email\" aria-required=\"true\" aria-invalid=\"false\" placeholder=\"Email de contacto\" value=\"\" type=\"email\" name=\"your-email\" \/><\/span>\n<\/p>\n<p><span class=\"wpcf7-form-control-wrap\" data-name=\"Telfondecontacte\"><input size=\"40\" maxlength=\"400\" class=\"wpcf7-form-control wpcf7-tel wpcf7-text wpcf7-validates-as-tel\" aria-invalid=\"false\" placeholder=\"Tel\u00e9fono de contacto\" value=\"\" type=\"tel\" name=\"Telfondecontacte\" \/><\/span><br \/>\n<span class=\"wpcf7-form-control-wrap\" data-name=\"menu-802\"><select class=\"wpcf7-form-control wpcf7-select\" aria-invalid=\"false\" name=\"menu-802\"><option value=\"Residente en el municipio de Santa Eul\u00e0ria\">Residente en el municipio de Santa Eul\u00e0ria<\/option><option value=\"Escolarizado\/a en un centro educativo participante en Futuria + Jove VII\">Escolarizado\/a en un centro educativo participante en Futuria + Jove VII<\/option><\/select><\/span><br \/>\n<span class=\"wpcf7-form-control-wrap\" data-name=\"your-message\"><textarea cols=\"40\" rows=\"10\" maxlength=\"2000\" class=\"wpcf7-form-control wpcf7-textarea\" aria-invalid=\"false\" placeholder=\"\u00bfCu\u00e1l es tu consulta?\" name=\"your-message\"><\/textarea><\/span>\n<\/p>\n<p><input class=\"wpcf7-form-control wpcf7-submit has-spinner\" type=\"submit\" value=\"Envia\" \/>\n<\/p><div class=\"wpcf7-response-output\" aria-hidden=\"true\"><\/div>\n<\/form>\n<\/div>\n<\/div><\/div><\/div><\/section><div class=\"vc_row-full-width vc_clearfix\"><\/div>\n","protected":false},"excerpt":{"rendered":"[vc_empty_space][vc_custom_heading text=\"CIJ Santa Eul\u00e0ria\" font_container=\"tag:h1|text_align:left|color:%23ffffff\" use_theme_fonts=\"yes\"]Sabemos que son muchos los factores que hay que tener en cuenta a la hora de tomar una decisi\u00f3n para tu futuro acad\u00e9mico y profesional. Adem\u00e1s, a lo largo del camino pueden surgir diferentes dudas o sucesos que hacen que te replantees el camino. En el Centro de Informaci\u00f3n Juvenil de Santa Eul\u00e0ria des Riu (CIJSE) te acompa\u00f1amos en el proceso de construcci\u00f3n de tu proyecto de vida y profesional. Ofrecemos informaci\u00f3n, orientaci\u00f3n y asesoramiento, mediante una atenci\u00f3n personalizada y din\u00e1mica, haciendo que la persona observe y participe en todo el proceso trabajando conjuntamente. Puedes hacer una consulta a trav\u00e9s del formulario siguiente y\/o pedirnos una cita previa para atenderte personalmente en nuestro centro. [vc_empty_space height=\"60px\"][vc_single_image image=\"583\" img_size=\"full\"][vc_empty_space height=\"70px\"]Centro de Informaci\u00f3n Juvenil de Santa Eul\u00e0ria des Riu Departamento de Juventud C\/ Sant Jaume, 72, 1\u00aa planta, edificio de Cultura y Juventud - 07840 Santa Eul\u00e0ria des Riu cijse@santaeularia.com 971 31 90 65 [vc_custom_heading text=\"\u00bfNecesitas ayuda?\" font_container=\"tag:h2|text_align:left|color:%23e36702\" use_theme_fonts=\"yes\"] Residente en el municipio de Santa Eul\u00e0riaEscolarizado\/a en un centro educativo participante en Futuria + Jove VII","protected":false},"author":1,"featured_media":0,"parent":0,"menu_order":0,"comment_status":"closed","ping_status":"closed","template":"","meta":{"inline_featured_image":false,"footnotes":""},"class_list":["post-349","page","type-page","status-publish","hentry"],"_links":{"self":[{"href":"https:\/\/www.futuriajove.com\/es\/wp-json\/wp\/v2\/pages\/349","targetHints":{"allow":["GET"]}}],"collection":[{"href":"https:\/\/www.futuriajove.com\/es\/wp-json\/wp\/v2\/pages"}],"about":[{"href":"https:\/\/www.futuriajove.com\/es\/wp-json\/wp\/v2\/types\/page"}],"author":[{"embeddable":true,"href":"https:\/\/www.futuriajove.com\/es\/wp-json\/wp\/v2\/users\/1"}],"replies":[{"embeddable":true,"href":"https:\/\/www.futuriajove.com\/es\/wp-json\/wp\/v2\/comments?post=349"}],"version-history":[{"count":13,"href":"https:\/\/www.futuriajove.com\/es\/wp-json\/wp\/v2\/pages\/349\/revisions"}],"predecessor-version":[{"id":816,"href":"https:\/\/www.futuriajove.com\/es\/wp-json\/wp\/v2\/pages\/349\/revisions\/816"}],"wp:attachment":[{"href":"https:\/\/www.futuriajove.com\/es\/wp-json\/wp\/v2\/media?parent=349"}],"curies":[{"name":"wp","href":"https:\/\/api.w.org\/{rel}","templated":true}]}}