{"id":353,"date":"2021-04-19T21:56:12","date_gmt":"2021-04-19T19:56:12","guid":{"rendered":"http:\/\/www.futuriajove.com\/?page_id=353"},"modified":"2024-02-01T16:45:10","modified_gmt":"2024-02-01T14:45:10","slug":"programa","status":"publish","type":"page","link":"https:\/\/www.futuriajove.com\/es\/programa\/","title":{"rendered":"Programa"},"content":{"rendered":"<section data-vc-full-width=\"true\" data-vc-full-width-init=\"false\" class=\"vc_row wpb_row vc_row-fluid  vc_custom_1618348403009 bg-position-center-bottom wow fadeInDown vc_row-has-fill pofo-stretch-content pofo-stretch-row-container\"><div class=\"wpb_column vc_column_container vc_col-sm-12  col-xs-mobile-fullwidth\"><div class=\"vc_column-inner \"><div class=\"wpb_wrapper\">[vc_empty_space][vc_custom_heading text=&#8221;Programa&#8221; font_container=&#8221;tag:h1|text_align:left|color:%23ffffff&#8221; use_theme_fonts=&#8221;yes&#8221;][vc_custom_heading text=&#8221;21, 22, 23 y 24 de febrero de 2022&#8243; font_container=&#8221;tag:h4|text_align:left|color:%23ffffff&#8221; use_theme_fonts=&#8221;yes&#8221;]<\/div><\/div><\/div><\/section><div class=\"vc_row-full-width vc_clearfix\"><\/div><section class=\"vc_row wpb_row vc_row-fluid\"><div class=\"wpb_column vc_column_container vc_col-sm-6  col-xs-mobile-fullwidth\"><div class=\"vc_column-inner \"><div class=\"wpb_wrapper\"><div class=\"last-paragraph-no-margin\" style=\"color: #003359;\"><p>\u00bfQuieres conocer todas las actividades de Fut\u00faria+Jove? A trav\u00e9s de las actividades y talleres que se ofrecen podr\u00e1s poner en pr\u00e1ctica la toma de decisiones, explorar tus caracter\u00edsticas personales y los aspectos del entorno: la oferta formativa y el mercado de trabajo.<\/p>\n<\/div><\/div><\/div><\/div><div class=\"wpb_column vc_column_container vc_col-sm-3  col-xs-mobile-fullwidth\"><div class=\"vc_column-inner \"><div class=\"wpb_wrapper\"><\/div><\/div><\/div><div class=\"wpb_column vc_column_container vc_col-sm-3  col-xs-mobile-fullwidth\"><div class=\"vc_column-inner \"><div class=\"wpb_wrapper\">[vc_single_image image=&#8221;303&#8243; img_size=&#8221;full&#8221;]<\/div><\/div><\/div><\/section><section class=\"vc_row wpb_row vc_row-fluid  vc_custom_1618850515652\"><div class=\"wpb_column vc_column_container vc_col-sm-12  col-xs-mobile-fullwidth\"><div class=\"vc_column-inner \"><div class=\"wpb_wrapper\">[vc_tta_accordion style=&#8221;flat&#8221; shape=&#8221;square&#8221; color=&#8221;white&#8221; gap=&#8221;1&#8243; c_position=&#8221;right&#8221; active_section=&#8221;1&#8243; collapsible_all=&#8221;true&#8221;][vc_tta_section title=&#8221;La aventura de construir tu proyecto de vida y profesional. Breakout Edu&#8221; tab_id=&#8221;1618350782226-583afa6a-0df7&#8243;]<div class=\"last-paragraph-no-margin\"><p>EscapeRoom virtual en el que podr\u00e1s conocer los aspectos clave del proceso de toma de decisiones.<\/p>\n<\/div>[\/vc_tta_section][vc_tta_section title=&#8221;Taller Es la hora de elegir&#8221; tab_id=&#8221;1618350782254-555872f2-54e7&#8243;]<div class=\"last-paragraph-no-margin\"><p>Taller para identificar por qu\u00e9 resulta dificil escoger, conocer los aspectos clave la elecci\u00f3n de unos estudios o una profesi\u00f3n e identificar que elementos pueden dificultar la toma de decisiones.<\/p>\n<\/div>[\/vc_tta_section][vc_tta_section title=&#8221;Taller de Autoconocimiento &#8220;Mi mochila&#8220;&#8221; tab_id=&#8221;1618350869070-d77d5a4c-6552&#8243;]<div class=\"last-paragraph-no-margin\"><p>Actividad en la que podr\u00e1s conocer los componentes clave de un proceso de autoconocimiento (personalidad, habilidades, intereses y valores).<\/p>\n<\/div>[\/vc_tta_section][vc_tta_section title=&#8221;Taller &#8220;El mundo de las profesiones&#8220;&#8221; tab_id=&#8221;1618350885850-30d764aa-8aff&#8221;]<div class=\"last-paragraph-no-margin\"><p>A trav\u00e9s de este taller podr\u00e1s descubrir el abanico de posibilidades para tu futuro profesional.<\/p>\n<\/div>[\/vc_tta_section][vc_tta_section title=&#8221;Itinerarios&#8221; tab_id=&#8221;1618350906044-480fd25a-e024&#8243;]<div class=\"last-paragraph-no-margin\"><p>Explora los posibles itinerarios formativos a los que puedes acceder tras finalizar la etapa educativa en la que te encuentras.<\/p>\n<\/div>[\/vc_tta_section][vc_tta_section title=&#8221;Competencias para la gesti\u00f3n de tu carrera&#8221; tab_id=&#8221;1646073457930-23d595c1-2802&#8243;]<div class=\"last-paragraph-no-margin\"><p>Identifica los diferentes tipos de competencias que debes poner en juego para gestionar tu Proyecto de Vida y Profesional.<\/p>\n<\/div>[\/vc_tta_section][\/vc_tta_accordion]<\/div><\/div><\/div><\/section><section data-vc-full-width=\"true\" data-vc-full-width-init=\"false\" data-vc-stretch-content=\"true\" class=\"vc_row wpb_row vc_row-fluid  vc_custom_1618393313410 vc_row-has-fill pofo-stretch-content\"><div class=\"wpb_column vc_column_container vc_col-sm-4  col-xs-mobile-fullwidth\"><div class=\"vc_column-inner \"><div class=\"wpb_wrapper\"><\/div><\/div><\/div><div class=\"wpb_column vc_column_container vc_col-sm-4  col-xs-mobile-fullwidth\"><div class=\"vc_column-inner \"><div class=\"wpb_wrapper\"><div class=\"vc_row wpb_row vc_inner vc_row-fluid  vc_custom_1618351199078 vc_row-has-fill\"><div class=\"wpb_column vc_column_container ombra vc_col-sm-12  col-xs-mobile-fullwidth\"><div class=\"vc_column-inner vc_custom_1618850525180\"><div class=\"wpb_wrapper\"><div class=\"last-paragraph-no-margin\"><p style=\"text-align: center;\">Al finalizar cada una de estas actividades, conseguir\u00e9is un c\u00f3digo que podr\u00e9is intercambiar para conseguir el <strong>Toolbox Tu Futuro<\/strong>, una maleta llena de recursos para poder seguir trabajando en vuestra elecci\u00f3n.<\/p>\n<\/div><\/div><\/div><\/div><\/div><\/div><\/div><\/div><div class=\"wpb_column vc_column_container vc_col-sm-4  col-xs-mobile-fullwidth\"><div class=\"vc_column-inner \"><div class=\"wpb_wrapper\"><\/div><\/div><\/div><\/section><div class=\"vc_row-full-width vc_clearfix\"><\/div><section class=\"vc_row wpb_row vc_row-fluid\"><div class=\"wpb_column vc_column_container vc_col-sm-3  col-xs-mobile-fullwidth\"><div class=\"vc_column-inner \"><div class=\"wpb_wrapper\"><\/div><\/div><\/div><div class=\"wpb_column vc_column_container vc_col-sm-6  col-xs-mobile-fullwidth\"><div class=\"vc_column-inner \"><div class=\"wpb_wrapper\"><div class=\"last-paragraph-no-margin\"><div style=\"width: 720px;\" class=\"wp-video\"><video class=\"wp-video-shortcode\" id=\"video-353-1\" width=\"720\" height=\"480\" preload=\"metadata\" controls=\"controls\"><source type=\"video\/mp4\" src=\"https:\/\/www.futuriajove.com\/wp-content\/uploads\/2023\/01\/FUTURIA_2022.mp4?_=1\" \/><a href=\"https:\/\/www.futuriajove.com\/wp-content\/uploads\/2023\/01\/FUTURIA_2022.mp4\">https:\/\/www.futuriajove.com\/wp-content\/uploads\/2023\/01\/FUTURIA_2022.mp4<\/a><\/video><\/div>\n<\/div><\/div><\/div><\/div><div class=\"wpb_column vc_column_container vc_col-sm-3  col-xs-mobile-fullwidth\"><div class=\"vc_column-inner \"><div class=\"wpb_wrapper\"><\/div><\/div><\/div><\/section><section class=\"vc_row wpb_row vc_row-fluid\"><div class=\"wpb_column vc_column_container vc_col-sm-2  col-xs-mobile-fullwidth\"><div class=\"vc_column-inner \"><div class=\"wpb_wrapper\"><\/div><\/div><\/div><div class=\"wpb_column vc_column_container vc_col-sm-8  col-xs-mobile-fullwidth\"><div class=\"vc_column-inner \"><div class=\"wpb_wrapper\">[vc_gallery type=&#8221;image_grid&#8221; images=&#8221;1479,1481,1483,1485,1487,1489,1491,1493,1495,1497,1499,1501,1503,1505,1507,1509,1511,1513,1515&#8243; img_size=&#8221;medium&#8221;]<\/div><\/div><\/div><div class=\"wpb_column vc_column_container vc_col-sm-2  col-xs-mobile-fullwidth\"><div class=\"vc_column-inner \"><div class=\"wpb_wrapper\"><\/div><\/div><\/div><\/section>\n","protected":false},"excerpt":{"rendered":"[vc_empty_space][vc_custom_heading text=\"Programa\" font_container=\"tag:h1|text_align:left|color:%23ffffff\" use_theme_fonts=\"yes\"][vc_custom_heading text=\"21, 22, 23 y 24 de febrero de 2022\" font_container=\"tag:h4|text_align:left|color:%23ffffff\" use_theme_fonts=\"yes\"]\u00bfQuieres conocer todas las actividades de Fut\u00faria+Jove? A trav\u00e9s de las actividades y talleres que se ofrecen podr\u00e1s poner en pr\u00e1ctica la toma de decisiones, explorar tus caracter\u00edsticas personales y los aspectos del entorno: la oferta formativa y el mercado de trabajo. [vc_single_image image=\"303\" img_size=\"full\"][vc_tta_accordion style=\"flat\" shape=\"square\" color=\"white\" gap=\"1\" c_position=\"right\" active_section=\"1\" collapsible_all=\"true\"][vc_tta_section title=\"La aventura de construir tu proyecto de vida y profesional. Breakout Edu\" tab_id=\"1618350782226-583afa6a-0df7\"]EscapeRoom virtual en el que podr\u00e1s conocer los aspectos clave del proceso de toma de decisiones. [\/vc_tta_section][vc_tta_section title=\"Taller Es la hora de elegir\" tab_id=\"1618350782254-555872f2-54e7\"]Taller para identificar por qu\u00e9 resulta dificil escoger, conocer los aspectos clave la elecci\u00f3n de unos estudios o una profesi\u00f3n e identificar que elementos pueden dificultar la toma de decisiones. [\/vc_tta_section][vc_tta_section title=\"Taller de Autoconocimiento ``Mi mochila``\" tab_id=\"1618350869070-d77d5a4c-6552\"]Actividad en la que podr\u00e1s conocer los componentes clave de un proceso de autoconocimiento (personalidad, habilidades, intereses y valores). [\/vc_tta_section][vc_tta_section title=\"Taller ``El mundo de las profesiones``\" tab_id=\"1618350885850-30d764aa-8aff\"]A trav\u00e9s de este taller podr\u00e1s descubrir el abanico de posibilidades para tu futuro profesional. [\/vc_tta_section][vc_tta_section title=\"Itinerarios\" tab_id=\"1618350906044-480fd25a-e024\"]Explora los posibles itinerarios formativos a los que puedes acceder tras finalizar la etapa educativa en la que te encuentras....","protected":false},"author":1,"featured_media":0,"parent":0,"menu_order":0,"comment_status":"closed","ping_status":"closed","template":"","meta":{"inline_featured_image":false,"footnotes":""},"class_list":["post-353","page","type-page","status-publish","hentry"],"_links":{"self":[{"href":"https:\/\/www.futuriajove.com\/es\/wp-json\/wp\/v2\/pages\/353","targetHints":{"allow":["GET"]}}],"collection":[{"href":"https:\/\/www.futuriajove.com\/es\/wp-json\/wp\/v2\/pages"}],"about":[{"href":"https:\/\/www.futuriajove.com\/es\/wp-json\/wp\/v2\/types\/page"}],"author":[{"embeddable":true,"href":"https:\/\/www.futuriajove.com\/es\/wp-json\/wp\/v2\/users\/1"}],"replies":[{"embeddable":true,"href":"https:\/\/www.futuriajove.com\/es\/wp-json\/wp\/v2\/comments?post=353"}],"version-history":[{"count":20,"href":"https:\/\/www.futuriajove.com\/es\/wp-json\/wp\/v2\/pages\/353\/revisions"}],"predecessor-version":[{"id":1520,"href":"https:\/\/www.futuriajove.com\/es\/wp-json\/wp\/v2\/pages\/353\/revisions\/1520"}],"wp:attachment":[{"href":"https:\/\/www.futuriajove.com\/es\/wp-json\/wp\/v2\/media?parent=353"}],"curies":[{"name":"wp","href":"https:\/\/api.w.org\/{rel}","templated":true}]}}