{"id":367,"date":"2021-04-20T08:41:50","date_gmt":"2021-04-20T06:41:50","guid":{"rendered":"http:\/\/www.futuriajove.com\/futuria-jove\/"},"modified":"2022-02-25T13:20:25","modified_gmt":"2022-02-25T11:20:25","slug":"futuria-jove","status":"publish","type":"page","link":"https:\/\/www.futuriajove.com\/es\/futuria-jove\/","title":{"rendered":"Futuria + Jove 2022"},"content":{"rendered":"<section data-vc-full-width=\"true\" data-vc-full-width-init=\"false\" class=\"vc_row wpb_row vc_row-fluid  vc_custom_1618334370384 bg-position-center-bottom wow fadeInDown vc_row-has-fill pofo-stretch-content pofo-stretch-row-container\"><div class=\"wpb_column vc_column_container vc_col-sm-12  col-xs-mobile-fullwidth\"><div class=\"vc_column-inner \"><div class=\"wpb_wrapper\">[vc_empty_space][vc_custom_heading text=&#8221;Fut\u00faria + Jove 2022&#8243; font_container=&#8221;tag:h1|text_align:left|color:%23ffffff&#8221; use_theme_fonts=&#8221;yes&#8221;]<\/div><\/div><\/div><\/section><div class=\"vc_row-full-width vc_clearfix\"><\/div><section class=\"vc_row wpb_row vc_row-fluid\"><div class=\"wpb_column vc_column_container vc_col-sm-6  col-xs-mobile-fullwidth\"><div class=\"vc_column-inner \"><div class=\"wpb_wrapper\"><div class=\" vc_custom_1618902519567 last-paragraph-no-margin\" style=\"color: #003359;\"><p>La 7.\u00aa edici\u00f3n de la Feria de orientaci\u00f3n\u00a0Fut\u00faria\u00a0+ Jove tiene por objetivo acompa\u00f1ar a la juventud en la construcci\u00f3n de su proyecto de vida y profesional y complementar la tarea orientadora que realizan los centros educativos. Esta feria est\u00e1 dirigida al alumnado de 4.\u00ba de ESO y 2.\u00ba de bachillerato del municipio de Santa Eul\u00e0ria y otras de la isla de Ibiza con alumnado del municipio que debe elegir unos estudios y una profesi\u00f3n.<\/p>\n<\/div><\/div><\/div><\/div><div class=\"wpb_column vc_column_container vc_col-sm-3  col-xs-mobile-fullwidth\"><div class=\"vc_column-inner \"><div class=\"wpb_wrapper\"><\/div><\/div><\/div><div class=\"wpb_column vc_column_container vc_col-sm-3  col-xs-mobile-fullwidth\"><div class=\"vc_column-inner \"><div class=\"wpb_wrapper\">[vc_single_image image=&#8221;295&#8243; img_size=&#8221;full&#8221;]<\/div><\/div><\/div><\/section><section data-vc-full-width=\"true\" data-vc-full-width-init=\"false\" data-vc-stretch-content=\"true\" class=\"vc_row wpb_row vc_row-fluid  vc_custom_1618390010173 vc_row-has-fill pofo-stretch-content vc_row-o-equal-height vc_row-o-content-middle vc_row-flex\"><div class=\"wpb_column vc_column_container vc_col-has-fill vc_col-sm-6  col-xs-mobile-fullwidth\"><div class=\"vc_column-inner vc_custom_1618848961623\"><div class=\"wpb_wrapper\"><\/div><\/div><\/div><div class=\"wpb_column vc_column_container vc_col-sm-6  col-xs-mobile-fullwidth\"><div class=\"vc_column-inner vc_custom_1618392141255\"><div class=\"wpb_wrapper\"><div class=\" vc_custom_1618902437073 last-paragraph-no-margin bg-position-center-center\" style=\"color: #ffffff;\"><p style=\"text-align: center;\">Esta feria de orientaci\u00f3n est\u00e1 organizada por el Ayuntamiento de Santa Eul\u00e0ria des Riu en colaboraci\u00f3n con todos los institutos que formar\u00e1n parte. Este a\u00f1o,\u00a0Fut\u00faria+Jove\u00a0se realizar\u00e1 los pr\u00f3ximos 21, 22 y 23 de abril de 2021.<\/p>\n<\/div><\/div><\/div><\/div><\/section><div class=\"vc_row-full-width vc_clearfix\"><\/div><section data-vc-full-width=\"true\" data-vc-full-width-init=\"false\" class=\"vc_row wpb_row vc_row-fluid  vc_custom_1618849217873 pofo-stretch-content pofo-stretch-row-container vc_row-o-content-middle vc_row-flex\"><div class=\"wpb_column vc_column_container vc_col-sm-12  col-xs-mobile-fullwidth\"><div class=\"vc_column-inner \"><div class=\"wpb_wrapper\">[vc_custom_heading text=&#8221;\u00bfQu\u00e9 encontrar\u00e1s en Fut\u00faria + Jove?&#8221; font_container=&#8221;tag:h2|text_align:center|color:%23e36702&#8243; use_theme_fonts=&#8221;yes&#8221;]<\/div><\/div><\/div><\/section><div class=\"vc_row-full-width vc_clearfix\"><\/div><section data-vc-full-width=\"true\" data-vc-full-width-init=\"false\" class=\"vc_row wpb_row vc_row-fluid  vc_custom_1618849855121 pofo-stretch-content pofo-stretch-row-container vc_row-o-equal-height vc_row-o-content-middle vc_row-flex\"><div class=\"wpb_column vc_column_container vc_col-sm-4  col-xs-mobile-fullwidth text-center sm-text-center\"><div class=\"vc_column-inner \"><div class=\"wpb_wrapper\"><div class=\"padding-50px-all md-padding-40px-all xs-padding-30px-all bg-white box-shadow featurebox23-1 featurebox23 pofo-featurebox  vc_custom_1618902643430\" ><div class=\"display-inline-block margin-40px-bottom xs-margin-30px-bottom\" style=\"\"><img decoding=\"async\" src=\"https:\/\/www.futuriajove.com\/wp-content\/uploads\/2021\/04\/box.svg\" alt=\"\" class=\"icon-image\"\/><\/div><div class=\"last-paragraph-no-margin \"><p><strong>EscapeRoom<\/strong> virtual para poder identificar los elementos clave para tomar una decisi\u00f3n fundamentada.<\/p>\n<\/div><\/div><\/div><\/div><\/div><div class=\"wpb_column vc_column_container vc_col-sm-4  col-xs-mobile-fullwidth text-center md-text-center sm-text-center xs-text-center\"><div class=\"vc_column-inner \"><div class=\"wpb_wrapper\"><div class=\"padding-50px-all md-padding-40px-all xs-padding-30px-all bg-white box-shadow featurebox23-2 featurebox23 pofo-featurebox  vc_custom_1618902704926\" ><div class=\"display-inline-block margin-40px-bottom xs-margin-30px-bottom\" style=\"\"><img decoding=\"async\" src=\"https:\/\/www.futuriajove.com\/wp-content\/uploads\/2021\/04\/user-plus.svg\" alt=\"\" class=\"icon-image\"\/><\/div><div class=\"last-paragraph-no-margin \"><p style=\"text-align: center;\"><strong>Talleres de autoconocimiento<\/strong> para identificar tus caracter\u00edsticas personales.<\/p>\n<\/div><\/div><\/div><\/div><\/div><div class=\"wpb_column vc_column_container vc_col-sm-4  col-xs-mobile-fullwidth text-center md-text-center sm-text-center xs-text-center\"><div class=\"vc_column-inner \"><div class=\"wpb_wrapper\"><div class=\"padding-50px-all md-padding-40px-all xs-padding-30px-all bg-white box-shadow featurebox23-3 featurebox23 pofo-featurebox  vc_custom_1619073323088\" ><div class=\"display-inline-block margin-40px-bottom xs-margin-30px-bottom\" style=\"\"><img decoding=\"async\" src=\"https:\/\/www.futuriajove.com\/wp-content\/uploads\/2021\/04\/search-1.svg\" alt=\"\" class=\"icon-image\"\/><\/div><div class=\"last-paragraph-no-margin \"><p style=\"text-align: center;\">Actividades para <strong>explorar la oferta formativa<\/strong> y conocer todos los itinerarios acad\u00e9micos posibles.<\/p>\n<\/div><\/div><\/div><\/div><\/div><\/section><div class=\"vc_row-full-width vc_clearfix\"><\/div><section data-vc-full-width=\"true\" data-vc-full-width-init=\"false\" class=\"vc_row wpb_row vc_row-fluid  vc_custom_1618849851230 pofo-stretch-content pofo-stretch-row-container vc_row-o-equal-height vc_row-o-content-middle vc_row-flex\"><div class=\"wpb_column vc_column_container vc_col-sm-4  col-xs-mobile-fullwidth text-center md-text-center sm-text-center xs-text-center\"><div class=\"vc_column-inner \"><div class=\"wpb_wrapper\"><div class=\"padding-50px-all md-padding-40px-all xs-padding-30px-all bg-white box-shadow featurebox23-4 featurebox23 pofo-featurebox  vc_custom_1618902782406\" ><div class=\"display-inline-block margin-40px-bottom xs-margin-30px-bottom\" style=\"\"><img decoding=\"async\" src=\"https:\/\/www.futuriajove.com\/wp-content\/uploads\/2021\/04\/message-square.svg\" alt=\"\" class=\"icon-image\"\/><\/div><div class=\"last-paragraph-no-margin \"><p style=\"text-align: center;\"><strong>Mesa redonda<\/strong> de profesionales para conocer el mercado de trabajo y el mundo de las profesiones.<\/p>\n<\/div><\/div><\/div><\/div><\/div><div class=\"wpb_column vc_column_container vc_col-sm-4  col-xs-mobile-fullwidth text-center md-text-center sm-text-center xs-text-center\"><div class=\"vc_column-inner \"><div class=\"wpb_wrapper\"><div class=\"padding-50px-all md-padding-40px-all xs-padding-30px-all bg-white box-shadow featurebox23-5 featurebox23 pofo-featurebox  vc_custom_1618902771807\" ><div class=\"display-inline-block margin-40px-bottom xs-margin-30px-bottom\" style=\"\"><img decoding=\"async\" src=\"https:\/\/www.futuriajove.com\/wp-content\/uploads\/2021\/04\/briefcase.svg\" alt=\"\" class=\"icon-image\"\/><\/div><div class=\"last-paragraph-no-margin \"><p style=\"text-align: center;\"><strong>Charla a familias<\/strong> para acompa\u00f1ar a sus hijos e hijas en la construcci\u00f3n de su proyecto de vida y profesional.<\/p>\n<\/div><\/div><\/div><\/div><\/div><div class=\"wpb_column vc_column_container vc_col-sm-4  col-xs-mobile-fullwidth text-center md-text-center sm-text-center xs-text-center\"><div class=\"vc_column-inner \"><div class=\"wpb_wrapper\"><div class=\"padding-50px-all md-padding-40px-all xs-padding-30px-all bg-white box-shadow featurebox23-6 featurebox23 pofo-featurebox  vc_custom_1618902761901\" ><div class=\"display-inline-block margin-40px-bottom xs-margin-30px-bottom\" style=\"\"><img decoding=\"async\" src=\"https:\/\/www.futuriajove.com\/wp-content\/uploads\/2021\/04\/clock.svg\" alt=\"\" class=\"icon-image\"\/><\/div><div class=\"last-paragraph-no-margin \"><p style=\"text-align: center;\"><strong>Pedir cita<\/strong> en el Centro de Informaci\u00f3n Juvenil de Santa Eul\u00e0ria des Riu para recibir un asesoramiento individualizado y resolver todas las dudas.<\/p>\n<\/div><\/div><\/div><\/div><\/div><\/section><div class=\"vc_row-full-width vc_clearfix\"><\/div><section class=\"vc_row wpb_row vc_row-fluid\"><div class=\"wpb_column vc_column_container vc_col-sm-2  col-xs-mobile-fullwidth\"><div class=\"vc_column-inner \"><div class=\"wpb_wrapper\"><\/div><\/div><\/div><div class=\"wpb_column vc_column_container vc_col-sm-8  col-xs-mobile-fullwidth\"><div class=\"vc_column-inner \"><div class=\"wpb_wrapper\"><div class=\"last-paragraph-no-margin\" style=\"color: #444444;\"><p style=\"text-align: center;\">\u00a1Aprovecha esta oportunidad y accede a todas las actividades y talleres para tomar una decisi\u00f3n fundamentada y serena en relaci\u00f3n a tu futuro acad\u00e9mico y profesional!<\/p>\n<\/div><\/div><\/div><\/div><div class=\"wpb_column vc_column_container vc_col-sm-2  col-xs-mobile-fullwidth\"><div class=\"vc_column-inner \"><div class=\"wpb_wrapper\"><\/div><\/div><\/div><\/section>\n","protected":false},"excerpt":{"rendered":"[vc_empty_space][vc_custom_heading text=\"Fut\u00faria + Jove 2022\" font_container=\"tag:h1|text_align:left|color:%23ffffff\" use_theme_fonts=\"yes\"]La 7.\u00aa edici\u00f3n de la Feria de orientaci\u00f3n\u00a0Fut\u00faria\u00a0+ Jove tiene por objetivo acompa\u00f1ar a la juventud en la construcci\u00f3n de su proyecto de vida y profesional y complementar la tarea orientadora que realizan los centros educativos. Esta feria est\u00e1 dirigida al alumnado de 4.\u00ba de ESO y 2.\u00ba de bachillerato del municipio de Santa Eul\u00e0ria y otras de la isla de Ibiza con alumnado del municipio que debe elegir unos estudios y una profesi\u00f3n. [vc_single_image image=\"295\" img_size=\"full\"]Esta feria de orientaci\u00f3n est\u00e1 organizada por el Ayuntamiento de Santa Eul\u00e0ria des Riu en colaboraci\u00f3n con todos los institutos que formar\u00e1n parte. Este a\u00f1o,\u00a0Fut\u00faria+Jove\u00a0se realizar\u00e1 los pr\u00f3ximos 21, 22 y 23 de abril de 2021. [vc_custom_heading text=\"\u00bfQu\u00e9 encontrar\u00e1s en Fut\u00faria + Jove?\" font_container=\"tag:h2|text_align:center|color:%23e36702\" use_theme_fonts=\"yes\"]EscapeRoom virtual para poder identificar los elementos clave para tomar una decisi\u00f3n fundamentada. Talleres de autoconocimiento para identificar tus caracter\u00edsticas personales. Actividades para explorar la oferta formativa y conocer todos los itinerarios acad\u00e9micos posibles. Mesa redonda de profesionales para conocer el mercado de trabajo y el mundo de las profesiones. Charla a familias para acompa\u00f1ar a sus hijos e hijas en la construcci\u00f3n de su proyecto de vida y profesional. Pedir cita en el...","protected":false},"author":1,"featured_media":0,"parent":0,"menu_order":0,"comment_status":"closed","ping_status":"closed","template":"","meta":{"inline_featured_image":false,"footnotes":""},"class_list":["post-367","page","type-page","status-publish","hentry"],"_links":{"self":[{"href":"https:\/\/www.futuriajove.com\/es\/wp-json\/wp\/v2\/pages\/367","targetHints":{"allow":["GET"]}}],"collection":[{"href":"https:\/\/www.futuriajove.com\/es\/wp-json\/wp\/v2\/pages"}],"about":[{"href":"https:\/\/www.futuriajove.com\/es\/wp-json\/wp\/v2\/types\/page"}],"author":[{"embeddable":true,"href":"https:\/\/www.futuriajove.com\/es\/wp-json\/wp\/v2\/users\/1"}],"replies":[{"embeddable":true,"href":"https:\/\/www.futuriajove.com\/es\/wp-json\/wp\/v2\/comments?post=367"}],"version-history":[{"count":11,"href":"https:\/\/www.futuriajove.com\/es\/wp-json\/wp\/v2\/pages\/367\/revisions"}],"predecessor-version":[{"id":796,"href":"https:\/\/www.futuriajove.com\/es\/wp-json\/wp\/v2\/pages\/367\/revisions\/796"}],"wp:attachment":[{"href":"https:\/\/www.futuriajove.com\/es\/wp-json\/wp\/v2\/media?parent=367"}],"curies":[{"name":"wp","href":"https:\/\/api.w.org\/{rel}","templated":true}]}}