{"id":373,"date":"2021-04-20T08:43:27","date_gmt":"2021-04-20T06:43:27","guid":{"rendered":"http:\/\/www.futuriajove.com\/inicio\/"},"modified":"2026-04-22T11:31:45","modified_gmt":"2026-04-22T09:31:45","slug":"inicio","status":"publish","type":"page","link":"https:\/\/www.futuriajove.com\/es\/","title":{"rendered":"Inicio"},"content":{"rendered":"<section data-vc-full-width=\"true\" data-vc-full-width-init=\"false\" class=\"vc_row wpb_row vc_row-fluid  vc_custom_1706272787262 bg-position-center-bottom wow fadeInDown vc_row-has-fill pofo-stretch-content pofo-stretch-row-container\"><div class=\"wpb_column vc_column_container vc_col-sm-12  col-xs-mobile-fullwidth\"><div class=\"vc_column-inner \"><div class=\"wpb_wrapper\">[vc_empty_space][vc_single_image image=&#8221;593&#8243; img_size=&#8221;full&#8221;][vc_btn title=&#8221;Servicio asesoramiento acad\u00e9mico&#8221; color=&#8221;orange&#8221; link=&#8221;url:https%3A%2F%2Fwww.futuriajove.com%2Fes%2Fcij-santa-eularia%2F&#8221; el_class=&#8221;boto-home&#8221;]<\/div><\/div><\/div><\/section><div class=\"vc_row-full-width vc_clearfix\"><\/div><section class=\"vc_row wpb_row vc_row-fluid\"><div class=\"wpb_column vc_column_container vc_col-sm-3  col-xs-mobile-fullwidth\"><div class=\"vc_column-inner \"><div class=\"wpb_wrapper\"><\/div><\/div><\/div><div class=\"wpb_column vc_column_container vc_col-sm-6  col-xs-mobile-fullwidth\"><div class=\"vc_column-inner \"><div class=\"wpb_wrapper\"><div class=\"last-paragraph-no-margin\"><div style=\"width: 640px;\" class=\"wp-video\"><video class=\"wp-video-shortcode\" id=\"video-373-1\" width=\"640\" height=\"360\" preload=\"metadata\" controls=\"controls\"><source type=\"video\/mp4\" src=\"https:\/\/www.futuriajove.com\/wp-content\/uploads\/2026\/04\/FUTURIA_RECAP_2026.mp4?_=1\" \/><a href=\"https:\/\/www.futuriajove.com\/wp-content\/uploads\/2026\/04\/FUTURIA_RECAP_2026.mp4\">https:\/\/www.futuriajove.com\/wp-content\/uploads\/2026\/04\/FUTURIA_RECAP_2026.mp4<\/a><\/video><\/div>\n<\/div><\/div><\/div><\/div><div class=\"wpb_column vc_column_container vc_col-sm-3  col-xs-mobile-fullwidth\"><div class=\"vc_column-inner \"><div class=\"wpb_wrapper\"><\/div><\/div><\/div><\/section><section class=\"vc_row wpb_row vc_row-fluid\"><div class=\"wpb_column vc_column_container vc_col-sm-1  col-xs-mobile-fullwidth\"><div class=\"vc_column-inner \"><div class=\"wpb_wrapper\"><\/div><\/div><\/div><div class=\"wpb_column vc_column_container vc_col-sm-10  col-xs-mobile-fullwidth\"><div class=\"vc_column-inner \"><div class=\"wpb_wrapper\"><div class=\"vc_row wpb_row vc_inner vc_row-fluid   vc_row-o-content-middle vc_row-flex\"><div class=\"wpb_column vc_column_container vc_col-sm-6  col-xs-mobile-fullwidth\"><div class=\"vc_column-inner \"><div class=\"wpb_wrapper\">[vc_single_image image=&#8221;1940&#8243; img_size=&#8221;large&#8221;]<\/div><\/div><\/div><div class=\"wpb_column vc_column_container vc_col-sm-6  col-xs-mobile-fullwidth\"><div class=\"vc_column-inner \"><div class=\"wpb_wrapper\">[vc_custom_heading text=&#8221;Explora&#8221; font_container=&#8221;tag:h2|text_align:left|color:%23e36702&#8243; use_theme_fonts=&#8221;yes&#8221;][vc_separator color=&#8221;custom&#8221; align=&#8221;align_left&#8221; el_width=&#8221;10&#8243; accent_color=&#8221;#e36702&#8243;]<div class=\" vc_custom_1646072618781 last-paragraph-no-margin\" style=\"color: #003359;\"><p>Talleres, charlas y actividades que se ofrecen para acompa\u00f1arte en la construcci\u00f3n de tu proyecto de vida y profesional. Encontrar\u00e1s opciones para trabajar el autoconocimiento, la exploraci\u00f3n de la oferta formativa y para investigar el mercado de trabajo. <a href=\"https:\/\/www.futuriajove.com\/es\/programa\/\">\u00a1Empieza la aventura!<\/a><\/p>\n<\/div><\/div><\/div><\/div><\/div><\/div><\/div><\/div><div class=\"wpb_column vc_column_container vc_col-sm-1  col-xs-mobile-fullwidth\"><div class=\"vc_column-inner \"><div class=\"wpb_wrapper\"><\/div><\/div><\/div><\/section><section class=\"vc_row wpb_row vc_row-fluid\"><div class=\"wpb_column vc_column_container vc_col-sm-1  col-xs-mobile-fullwidth\"><div class=\"vc_column-inner \"><div class=\"wpb_wrapper\"><\/div><\/div><\/div><div class=\"wpb_column vc_column_container vc_col-sm-10  col-xs-mobile-fullwidth\"><div class=\"vc_column-inner \"><div class=\"wpb_wrapper\"><div class=\"vc_row wpb_row vc_inner vc_row-fluid   vc_row-o-content-middle vc_row-flex\"><div class=\"wpb_column vc_column_container vc_col-sm-6  col-xs-mobile-fullwidth\"><div class=\"vc_column-inner \"><div class=\"wpb_wrapper\">[vc_custom_heading text=&#8221;Inf\u00f3rmate&#8221; font_container=&#8221;tag:h2|text_align:left|color:%23e36702&#8243; use_theme_fonts=&#8221;yes&#8221;][vc_separator color=&#8221;custom&#8221; align=&#8221;align_left&#8221; el_width=&#8221;10&#8243; accent_color=&#8221;#e36702&#8243;]<div class=\" vc_custom_1646072654275 last-paragraph-no-margin\" style=\"color: #003359;\"><p><a href=\"https:\/\/www.futuriajove.com\/es\/expositores\/\">Explora toda la oferta formativa<\/a> que tienes a tu alcance y aseg\u00farate de contactar con aquellos centros educativos que impartan la formaci\u00f3n que es de tu inter\u00e9s. \u00a1No lo dejes para el \u00faltimo d\u00eda!<\/p>\n<\/div><\/div><\/div><\/div><div class=\"wpb_column vc_column_container vc_col-sm-6  col-xs-mobile-fullwidth\"><div class=\"vc_column-inner \"><div class=\"wpb_wrapper\">[vc_single_image image=&#8221;1938&#8243; img_size=&#8221;large&#8221;]<\/div><\/div><\/div><\/div><\/div><\/div><\/div><div class=\"wpb_column vc_column_container vc_col-sm-1  col-xs-mobile-fullwidth\"><div class=\"vc_column-inner \"><div class=\"wpb_wrapper\"><\/div><\/div><\/div><\/section><section class=\"vc_row wpb_row vc_row-fluid\"><div class=\"wpb_column vc_column_container vc_col-sm-1  col-xs-mobile-fullwidth\"><div class=\"vc_column-inner \"><div class=\"wpb_wrapper\"><\/div><\/div><\/div><div class=\"wpb_column vc_column_container vc_col-sm-10  col-xs-mobile-fullwidth\"><div class=\"vc_column-inner \"><div class=\"wpb_wrapper\"><div class=\"vc_row wpb_row vc_inner vc_row-fluid   vc_row-o-content-middle vc_row-flex\"><div class=\"wpb_column vc_column_container vc_col-sm-6  col-xs-mobile-fullwidth\"><div class=\"vc_column-inner \"><div class=\"wpb_wrapper\">[vc_single_image image=&#8221;1936&#8243; img_size=&#8221;large&#8221;]<\/div><\/div><\/div><div class=\"wpb_column vc_column_container vc_col-sm-6  col-xs-mobile-fullwidth\"><div class=\"vc_column-inner \"><div class=\"wpb_wrapper\">[vc_custom_heading text=&#8221;Ori\u00e9ntate&#8221; font_container=&#8221;tag:h2|text_align:left|color:%23e36702&#8243; use_theme_fonts=&#8221;yes&#8221;][vc_separator color=&#8221;custom&#8221; align=&#8221;align_left&#8221; el_width=&#8221;10&#8243; accent_color=&#8221;#e36702&#8243;]<div class=\" vc_custom_1646072678566 last-paragraph-no-margin\" style=\"color: #003359;\"><p>No dudes en ponerte en contacto con el <a href=\"https:\/\/www.futuriajove.com\/es\/cij-santa-eularia\/\">Centro de Informaci\u00f3n Juvenil<\/a> del Ayuntamiento de Santa Eul\u00e0ria des Riu si todav\u00eda tienes dudas o te han surgido nuevas. \u00a1Te ayudar\u00e1n a resolver todas tus dudas!<\/p>\n<\/div><\/div><\/div><\/div><\/div><\/div><\/div><\/div><div class=\"wpb_column vc_column_container vc_col-sm-1  col-xs-mobile-fullwidth\"><div class=\"vc_column-inner \"><div class=\"wpb_wrapper\"><\/div><\/div><\/div><\/section><section data-vc-full-width=\"true\" data-vc-full-width-init=\"false\" class=\"vc_row wpb_row vc_row-fluid  vc_custom_1618848315223 vc_row-has-fill pofo-stretch-content pofo-stretch-row-container vc_row-o-equal-height vc_row-flex\"><div class=\"wpb_column vc_column_container vc_col-has-fill vc_col-sm-6  col-xs-mobile-fullwidth\"><div class=\"vc_column-inner bg-position-center-bottom vc_custom_1618848485412\"><div class=\"wpb_wrapper\"><\/div><\/div><\/div><div class=\"wpb_column vc_column_container vc_col-sm-6  col-xs-mobile-fullwidth\"><div class=\"vc_column-inner vc_custom_1618848649362\"><div class=\"wpb_wrapper\">[vc_custom_heading text=&#8221;\u00bfNecesitas ayuda?&#8221; font_container=&#8221;tag:h2|text_align:left|color:%23e36702&#8243; use_theme_fonts=&#8221;yes&#8221;]\n<div class=\"wpcf7 no-js\" id=\"wpcf7-f443-o1\" lang=\"ca\" dir=\"ltr\" data-wpcf7-id=\"443\">\n<div class=\"screen-reader-response\"><p role=\"status\" aria-live=\"polite\" aria-atomic=\"true\"><\/p> <ul><\/ul><\/div>\n<form action=\"\/es\/wp-json\/wp\/v2\/pages\/373#wpcf7-f443-o1\" method=\"post\" class=\"wpcf7-form init\" aria-label=\"Contact form\" novalidate=\"novalidate\" data-status=\"init\">\n<fieldset class=\"hidden-fields-container\"><input type=\"hidden\" name=\"_wpcf7\" value=\"443\" \/><input type=\"hidden\" name=\"_wpcf7_version\" value=\"6.1.4\" \/><input type=\"hidden\" name=\"_wpcf7_locale\" value=\"ca\" \/><input type=\"hidden\" name=\"_wpcf7_unit_tag\" value=\"wpcf7-f443-o1\" \/><input type=\"hidden\" name=\"_wpcf7_container_post\" value=\"0\" \/><input type=\"hidden\" name=\"_wpcf7_posted_data_hash\" value=\"\" \/>\n<\/fieldset>\n<p><span class=\"wpcf7-form-control-wrap\" data-name=\"your-name\"><input size=\"40\" maxlength=\"400\" class=\"wpcf7-form-control wpcf7-text wpcf7-validates-as-required\" aria-required=\"true\" aria-invalid=\"false\" placeholder=\"Nombre y apellidos\" value=\"\" type=\"text\" name=\"your-name\" \/><\/span><br \/>\n<span class=\"wpcf7-form-control-wrap\" data-name=\"data-naixement\"><input size=\"40\" maxlength=\"400\" class=\"wpcf7-form-control wpcf7-text\" aria-invalid=\"false\" placeholder=\"Fecha nacimiento\" value=\"\" type=\"text\" name=\"data-naixement\" \/><\/span><br \/>\n<span class=\"wpcf7-form-control-wrap\" data-name=\"your-email\"><input size=\"40\" maxlength=\"400\" class=\"wpcf7-form-control wpcf7-email wpcf7-validates-as-required wpcf7-text wpcf7-validates-as-email\" aria-required=\"true\" aria-invalid=\"false\" placeholder=\"Email de contacto\" value=\"\" type=\"email\" name=\"your-email\" \/><\/span>\n<\/p>\n<p><span class=\"wpcf7-form-control-wrap\" data-name=\"Telfondecontacte\"><input size=\"40\" maxlength=\"400\" class=\"wpcf7-form-control wpcf7-tel wpcf7-text wpcf7-validates-as-tel\" aria-invalid=\"false\" placeholder=\"Tel\u00e9fono de contacto\" value=\"\" type=\"tel\" name=\"Telfondecontacte\" \/><\/span><br \/>\n<span class=\"wpcf7-form-control-wrap\" data-name=\"menu-802\"><select class=\"wpcf7-form-control wpcf7-select\" aria-invalid=\"false\" name=\"menu-802\"><option value=\"Residente en el municipio de Santa Eul\u00e0ria\">Residente en el municipio de Santa Eul\u00e0ria<\/option><option value=\"Escolarizado\/a en un centro educativo participante en Futuria + Jove VII\">Escolarizado\/a en un centro educativo participante en Futuria + Jove VII<\/option><\/select><\/span><br \/>\n<span class=\"wpcf7-form-control-wrap\" data-name=\"your-message\"><textarea cols=\"40\" rows=\"10\" maxlength=\"2000\" class=\"wpcf7-form-control wpcf7-textarea\" aria-invalid=\"false\" placeholder=\"\u00bfCu\u00e1l es tu consulta?\" name=\"your-message\"><\/textarea><\/span>\n<\/p>\n<p><input class=\"wpcf7-form-control wpcf7-submit has-spinner\" type=\"submit\" value=\"Envia\" \/>\n<\/p><div class=\"wpcf7-response-output\" aria-hidden=\"true\"><\/div>\n<\/form>\n<\/div>\n<\/div><\/div><\/div><\/section><div class=\"vc_row-full-width vc_clearfix\"><\/div>\n","protected":false},"excerpt":{"rendered":"[vc_empty_space][vc_single_image image=\"593\" img_size=\"full\"][vc_btn title=\"Servicio asesoramiento acad\u00e9mico\" color=\"orange\" link=\"url:https%3A%2F%2Fwww.futuriajove.com%2Fes%2Fcij-santa-eularia%2F\" el_class=\"boto-home\"]https:\/\/www.futuriajove.com\/wp-content\/uploads\/2026\/04\/FUTURIA_RECAP_2026.mp4 [vc_single_image image=\"1940\" img_size=\"large\"][vc_custom_heading text=\"Explora\" font_container=\"tag:h2|text_align:left|color:%23e36702\" use_theme_fonts=\"yes\"][vc_separator color=\"custom\" align=\"align_left\" el_width=\"10\" accent_color=\"#e36702\"]Talleres, charlas y actividades que se ofrecen para acompa\u00f1arte en la construcci\u00f3n de tu proyecto de vida y profesional. Encontrar\u00e1s opciones para trabajar el autoconocimiento, la exploraci\u00f3n de la oferta formativa y para investigar el mercado de trabajo. \u00a1Empieza la aventura! [vc_custom_heading text=\"Inf\u00f3rmate\" font_container=\"tag:h2|text_align:left|color:%23e36702\" use_theme_fonts=\"yes\"][vc_separator color=\"custom\" align=\"align_left\" el_width=\"10\" accent_color=\"#e36702\"]Explora toda la oferta formativa que tienes a tu alcance y aseg\u00farate de contactar con aquellos centros educativos que impartan la formaci\u00f3n que es de tu inter\u00e9s. \u00a1No lo dejes para el \u00faltimo d\u00eda! [vc_single_image image=\"1938\" img_size=\"large\"][vc_single_image image=\"1936\" img_size=\"large\"][vc_custom_heading text=\"Ori\u00e9ntate\" font_container=\"tag:h2|text_align:left|color:%23e36702\" use_theme_fonts=\"yes\"][vc_separator color=\"custom\" align=\"align_left\" el_width=\"10\" accent_color=\"#e36702\"]No dudes en ponerte en contacto con el Centro de Informaci\u00f3n Juvenil del Ayuntamiento de Santa Eul\u00e0ria des Riu si todav\u00eda tienes dudas o te han surgido nuevas. \u00a1Te ayudar\u00e1n a resolver todas tus dudas! [vc_custom_heading text=\"\u00bfNecesitas ayuda?\" font_container=\"tag:h2|text_align:left|color:%23e36702\" use_theme_fonts=\"yes\"] Residente en el municipio de Santa Eul\u00e0riaEscolarizado\/a en un centro educativo participante en Futuria + Jove VII","protected":false},"author":1,"featured_media":1115,"parent":0,"menu_order":0,"comment_status":"closed","ping_status":"closed","template":"","meta":{"inline_featured_image":false,"footnotes":""},"class_list":["post-373","page","type-page","status-publish","has-post-thumbnail","hentry"],"_links":{"self":[{"href":"https:\/\/www.futuriajove.com\/es\/wp-json\/wp\/v2\/pages\/373","targetHints":{"allow":["GET"]}}],"collection":[{"href":"https:\/\/www.futuriajove.com\/es\/wp-json\/wp\/v2\/pages"}],"about":[{"href":"https:\/\/www.futuriajove.com\/es\/wp-json\/wp\/v2\/types\/page"}],"author":[{"embeddable":true,"href":"https:\/\/www.futuriajove.com\/es\/wp-json\/wp\/v2\/users\/1"}],"replies":[{"embeddable":true,"href":"https:\/\/www.futuriajove.com\/es\/wp-json\/wp\/v2\/comments?post=373"}],"version-history":[{"count":36,"href":"https:\/\/www.futuriajove.com\/es\/wp-json\/wp\/v2\/pages\/373\/revisions"}],"predecessor-version":[{"id":1954,"href":"https:\/\/www.futuriajove.com\/es\/wp-json\/wp\/v2\/pages\/373\/revisions\/1954"}],"wp:featuredmedia":[{"embeddable":true,"href":"https:\/\/www.futuriajove.com\/es\/wp-json\/wp\/v2\/media\/1115"}],"wp:attachment":[{"href":"https:\/\/www.futuriajove.com\/es\/wp-json\/wp\/v2\/media?parent=373"}],"curies":[{"name":"wp","href":"https:\/\/api.w.org\/{rel}","templated":true}]}}