{"id":775,"date":"2022-02-25T13:06:37","date_gmt":"2022-02-25T11:06:37","guid":{"rendered":"https:\/\/www.futuriajove.com\/?page_id=775"},"modified":"2024-02-01T17:07:19","modified_gmt":"2024-02-01T15:07:19","slug":"programa-2021","status":"publish","type":"page","link":"https:\/\/www.futuriajove.com\/es\/programa-2021\/","title":{"rendered":"Programa 2021"},"content":{"rendered":"<section data-vc-full-width=\"true\" data-vc-full-width-init=\"false\" class=\"vc_row wpb_row vc_row-fluid  vc_custom_1618348403009 bg-position-center-bottom wow fadeInDown vc_row-has-fill pofo-stretch-content pofo-stretch-row-container\"><div class=\"wpb_column vc_column_container vc_col-sm-12  col-xs-mobile-fullwidth\"><div class=\"vc_column-inner \"><div class=\"wpb_wrapper\">[vc_empty_space][vc_custom_heading text=&#8221;Programa 2021&#8243; font_container=&#8221;tag:h1|text_align:left|color:%23ffffff&#8221; use_theme_fonts=&#8221;yes&#8221;][vc_custom_heading text=&#8221;21, 22 y 23 de abril de 2021&#8243; font_container=&#8221;tag:h4|text_align:left|color:%23ffffff&#8221; use_theme_fonts=&#8221;yes&#8221;]<\/div><\/div><\/div><\/section><div class=\"vc_row-full-width vc_clearfix\"><\/div><section class=\"vc_row wpb_row vc_row-fluid\"><div class=\"wpb_column vc_column_container vc_col-sm-6  col-xs-mobile-fullwidth\"><div class=\"vc_column-inner \"><div class=\"wpb_wrapper\"><div class=\"last-paragraph-no-margin\" style=\"color: #003359;\"><p>\u00bfQuieres conocer todas las actividades que podr\u00e1s realizar en Fut\u00faria+Jove? Con\u00e9ctate a las actividades y talleres que se ofrecen y podr\u00e1s poner en pr\u00e1ctica la toma de decisiones. A lo largo de todas las actividades podr\u00e1s explorar tus caracter\u00edsticas personales y los aspectos del entorno: la oferta formativa y el mercado de trabajo.<\/p>\n<\/div><\/div><\/div><\/div><div class=\"wpb_column vc_column_container vc_col-sm-3  col-xs-mobile-fullwidth\"><div class=\"vc_column-inner \"><div class=\"wpb_wrapper\"><\/div><\/div><\/div><div class=\"wpb_column vc_column_container vc_col-sm-3  col-xs-mobile-fullwidth\"><div class=\"vc_column-inner \"><div class=\"wpb_wrapper\">[vc_single_image image=&#8221;303&#8243; img_size=&#8221;full&#8221;]<\/div><\/div><\/div><\/section><section class=\"vc_row wpb_row vc_row-fluid  vc_custom_1618850515652\"><div class=\"wpb_column vc_column_container vc_col-sm-12  col-xs-mobile-fullwidth\"><div class=\"vc_column-inner \"><div class=\"wpb_wrapper\">[vc_tta_accordion style=&#8221;flat&#8221; shape=&#8221;square&#8221; color=&#8221;white&#8221; gap=&#8221;1&#8243; c_position=&#8221;right&#8221; active_section=&#8221;1&#8243; collapsible_all=&#8221;true&#8221;][vc_tta_section title=&#8221;La aventura de construir tu proyecto de vida y profesional. Breakout Edu&#8221; tab_id=&#8221;1618350782226-583afa6a-0df7&#8243;]<div class=\"last-paragraph-no-margin\"><p>EscapeRoom virtual en el que podr\u00e1s conocer los aspectos clave del proceso de toma de decisiones.<\/p>\n<\/div>[\/vc_tta_section][vc_tta_section title=&#8221;Taller GR. Autoconocimiento&#8221; tab_id=&#8221;1618350782254-555872f2-54e7&#8243;]<div class=\"last-paragraph-no-margin\"><p>Taller de autoconocimiento que te permitir\u00e1 identificar los puntos fuertes de tu perfil personal y aprender a contrastarlo con los perfiles profesionales.<\/p>\n<\/div>[\/vc_tta_section][vc_tta_section title=&#8221;Taller Neptu. Exploraci\u00f3 de l\u2019oferta formativa&#8221; tab_id=&#8221;1618350869070-d77d5a4c-6552&#8243;]<div class=\"last-paragraph-no-margin\"><p>Actividad en la que podr\u00e1s conocer todos los itinerarios formativos que tienes a tu alcance, explorando las v\u00edas de acceso, las caracter\u00edsticas de los estudios y mucho m\u00e1s. Adem\u00e1s, tambi\u00e9n podr\u00e1s resolver todas las dudas que tengas respecto a las diferentes opciones de formaci\u00f3n.<\/p>\n<\/div>[\/vc_tta_section][vc_tta_section title=&#8221;Profesiones en juego. An\u00e1lisis del mercado de trabajo&#8221; tab_id=&#8221;1618350885850-30d764aa-8aff&#8221;]<div class=\"last-paragraph-no-margin\"><p>A trav\u00e9s de una mesa redonda de profesionales, podr\u00e1s descubrir las profesiones m\u00e1s all\u00e1 de aquellas que son m\u00e1s tradicionales o conocidas y podr\u00e1s tomar conciencia del amplio abanico de posibilidades profesionales que existen.<\/p>\n<\/div>[\/vc_tta_section][vc_tta_section title=&#8221;El nuevo mundo de las profesiones. An\u00e1lisis del mercado de trabajo&#8221; tab_id=&#8221;1618350906044-480fd25a-e024&#8243;]<div class=\"last-paragraph-no-margin\"><p>Juego de preguntas para conocer nuevas profesiones e identificar aquellas que han cambiado y evolucionado. Adem\u00e1s, os permitir\u00e1 romper con las ideas preconcebidas que tenemos del mercado de trabajo.<\/p>\n<\/div>[\/vc_tta_section][\/vc_tta_accordion]<\/div><\/div><\/div><\/section><section data-vc-full-width=\"true\" data-vc-full-width-init=\"false\" data-vc-stretch-content=\"true\" class=\"vc_row wpb_row vc_row-fluid  vc_custom_1618393313410 vc_row-has-fill pofo-stretch-content\"><div class=\"wpb_column vc_column_container vc_col-sm-4  col-xs-mobile-fullwidth\"><div class=\"vc_column-inner \"><div class=\"wpb_wrapper\"><\/div><\/div><\/div><div class=\"wpb_column vc_column_container vc_col-sm-4  col-xs-mobile-fullwidth\"><div class=\"vc_column-inner \"><div class=\"wpb_wrapper\"><div class=\"vc_row wpb_row vc_inner vc_row-fluid  vc_custom_1618351199078 vc_row-has-fill\"><div class=\"wpb_column vc_column_container ombra vc_col-sm-12  col-xs-mobile-fullwidth\"><div class=\"vc_column-inner vc_custom_1618850525180\"><div class=\"wpb_wrapper\"><div class=\"last-paragraph-no-margin\"><p style=\"text-align: center;\">Al finalizar cada una de estas actividades, conseguir\u00e9is un c\u00f3digo que podr\u00e9is intercambiar para conseguir el <strong>Toolbox Tu Futuro<\/strong>, una maleta llena de recursos para poder seguir trabajando en vuestra elecci\u00f3n.<\/p>\n<\/div><\/div><\/div><\/div><\/div><\/div><\/div><\/div><div class=\"wpb_column vc_column_container vc_col-sm-4  col-xs-mobile-fullwidth\"><div class=\"vc_column-inner \"><div class=\"wpb_wrapper\"><\/div><\/div><\/div><\/section><div class=\"vc_row-full-width vc_clearfix\"><\/div><section class=\"vc_row wpb_row vc_row-fluid\"><div class=\"wpb_column vc_column_container vc_col-sm-3  col-xs-mobile-fullwidth\"><div class=\"vc_column-inner \"><div class=\"wpb_wrapper\"><\/div><\/div><\/div><div class=\"wpb_column vc_column_container vc_col-sm-6  col-xs-mobile-fullwidth\"><div class=\"vc_column-inner \"><div class=\"wpb_wrapper\"><div class=\"last-paragraph-no-margin\"><div style=\"width: 720px;\" class=\"wp-video\"><video class=\"wp-video-shortcode\" id=\"video-775-1\" width=\"720\" height=\"480\" preload=\"metadata\" controls=\"controls\"><source type=\"video\/mp4\" src=\"https:\/\/www.futuriajove.com\/wp-content\/uploads\/2022\/02\/Futuria_2021B.mp4?_=1\" \/><a href=\"https:\/\/www.futuriajove.com\/wp-content\/uploads\/2022\/02\/Futuria_2021B.mp4\">https:\/\/www.futuriajove.com\/wp-content\/uploads\/2022\/02\/Futuria_2021B.mp4<\/a><\/video><\/div>\n<\/div><\/div><\/div><\/div><div class=\"wpb_column vc_column_container vc_col-sm-3  col-xs-mobile-fullwidth\"><div class=\"vc_column-inner \"><div class=\"wpb_wrapper\"><\/div><\/div><\/div><\/section>\n","protected":false},"excerpt":{"rendered":"[vc_empty_space][vc_custom_heading text=\"Programa 2021\" font_container=\"tag:h1|text_align:left|color:%23ffffff\" use_theme_fonts=\"yes\"][vc_custom_heading text=\"21, 22 y 23 de abril de 2021\" font_container=\"tag:h4|text_align:left|color:%23ffffff\" use_theme_fonts=\"yes\"]\u00bfQuieres conocer todas las actividades que podr\u00e1s realizar en Fut\u00faria+Jove? Con\u00e9ctate a las actividades y talleres que se ofrecen y podr\u00e1s poner en pr\u00e1ctica la toma de decisiones. A lo largo de todas las actividades podr\u00e1s explorar tus caracter\u00edsticas personales y los aspectos del entorno: la oferta formativa y el mercado de trabajo. [vc_single_image image=\"303\" img_size=\"full\"][vc_tta_accordion style=\"flat\" shape=\"square\" color=\"white\" gap=\"1\" c_position=\"right\" active_section=\"1\" collapsible_all=\"true\"][vc_tta_section title=\"La aventura de construir tu proyecto de vida y profesional. Breakout Edu\" tab_id=\"1618350782226-583afa6a-0df7\"]EscapeRoom virtual en el que podr\u00e1s conocer los aspectos clave del proceso de toma de decisiones. [\/vc_tta_section][vc_tta_section title=\"Taller GR. Autoconocimiento\" tab_id=\"1618350782254-555872f2-54e7\"]Taller de autoconocimiento que te permitir\u00e1 identificar los puntos fuertes de tu perfil personal y aprender a contrastarlo con los perfiles profesionales. [\/vc_tta_section][vc_tta_section title=\"Taller Neptu. Exploraci\u00f3 de l\u2019oferta formativa\" tab_id=\"1618350869070-d77d5a4c-6552\"]Actividad en la que podr\u00e1s conocer todos los itinerarios formativos que tienes a tu alcance, explorando las v\u00edas de acceso, las caracter\u00edsticas de los estudios y mucho m\u00e1s. Adem\u00e1s, tambi\u00e9n podr\u00e1s resolver todas las dudas que tengas respecto a las diferentes opciones de formaci\u00f3n. [\/vc_tta_section][vc_tta_section title=\"Profesiones en juego. An\u00e1lisis del mercado de trabajo\" tab_id=\"1618350885850-30d764aa-8aff\"]A trav\u00e9s de una mesa redonda de profesionales, podr\u00e1s...","protected":false},"author":1,"featured_media":0,"parent":0,"menu_order":0,"comment_status":"closed","ping_status":"closed","template":"","meta":{"inline_featured_image":false,"footnotes":""},"class_list":["post-775","page","type-page","status-publish","hentry"],"_links":{"self":[{"href":"https:\/\/www.futuriajove.com\/es\/wp-json\/wp\/v2\/pages\/775","targetHints":{"allow":["GET"]}}],"collection":[{"href":"https:\/\/www.futuriajove.com\/es\/wp-json\/wp\/v2\/pages"}],"about":[{"href":"https:\/\/www.futuriajove.com\/es\/wp-json\/wp\/v2\/types\/page"}],"author":[{"embeddable":true,"href":"https:\/\/www.futuriajove.com\/es\/wp-json\/wp\/v2\/users\/1"}],"replies":[{"embeddable":true,"href":"https:\/\/www.futuriajove.com\/es\/wp-json\/wp\/v2\/comments?post=775"}],"version-history":[{"count":3,"href":"https:\/\/www.futuriajove.com\/es\/wp-json\/wp\/v2\/pages\/775\/revisions"}],"predecessor-version":[{"id":1525,"href":"https:\/\/www.futuriajove.com\/es\/wp-json\/wp\/v2\/pages\/775\/revisions\/1525"}],"wp:attachment":[{"href":"https:\/\/www.futuriajove.com\/es\/wp-json\/wp\/v2\/media?parent=775"}],"curies":[{"name":"wp","href":"https:\/\/api.w.org\/{rel}","templated":true}]}}